{"id":1297,"date":"2021-01-13T21:38:32","date_gmt":"2021-01-13T19:38:32","guid":{"rendered":"http:\/\/www.e-beratungsjournal.net\/?page_id=1297"},"modified":"2025-08-07T08:36:07","modified_gmt":"2025-08-07T06:36:07","slug":"ueber-uns-2-2","status":"publish","type":"page","link":"https:\/\/www.e-beratungsjournal.net\/?page_id=1297","title":{"rendered":"Podcast: Landschaftg\u00e4rtnerinnen der Neurosen"},"content":{"rendered":"<p><strong>Christina Frank<\/strong> und <strong>Gerhard Hintenberger<\/strong>&nbsp;sprechen mit ihren G\u00e4sten \u00fcber Themen der Psychologie, Psychotherapie, Soziologe sowie der Sozialen Arbeit. Sie k\u00f6nnen sich die einzelnen Folgen des Podcasts auch auf <a href=\"https:\/\/open.spotify.com\/show\/2UnqAZMers1vyXG7kJpznc\" target=\"_blank\" rel=\"noreferrer noopener\">Spotify<\/a>,<a href=\"https:\/\/itunes.apple.com\/at\/podcast\/landschaftsg%C3%A4rtnerinnen-der-neurosen\/id1441328571?mt=2\" target=\"_blank\" rel=\"noreferrer noopener\"> iTunes<\/a>&nbsp;sowie auf Podcastapps am Smartphone anh\u00f6ren und abonnieren.<\/p>\n\n\n\n<iframe loading=\"lazy\" \n iframe tabindex=\"0\" title=\"Podlove Web Player: Landschaftsg\u00e4rtnerInnen der Neurosen - Episode 12: K\u00fcnstliche Intelligenz im Kontext von Psychotherapie und Beratung\" src=\"https:\/\/www.forschungsgreisslerei.at\/wp-content\/plugins\/podlove-web-player\/web-player\/share.html?config=https%3A%2F%2Fwww.forschungsgreisslerei.at%2Fwp-json%2Fpodlove-web-player%2Fshortcode%2Fconfig%2Fdefault%2Ftheme%2Fdefault&#038;episode=https%3A%2F%2Fwww.forschungsgreisslerei.at%2Fwp-json%2Fpodlove-web-player%2Fshortcode%2Fpublisher%2F1105\" \n  width=\"768\" \n  height=\"200\" \n  frameborder=\"0\" \n  scrolling=\"no\">\n<\/iframe>\n\n\n\n<p><iframe loading=\"lazy\" tabindex=\"0\" title=\"Podlove Web Player: Landschaftsg\u00e4rtnerInnen der Neurosen - Episode 12: K\u00fcnstliche Intelligenz im Kontext von Psychotherapie und Beratung\" src=\"https:\/\/www.forschungsgreisslerei.at\/wp-content\/plugins\/podlove-web-player\/web-player\/share.html?config=https%3A%2F%2Fwww.forschungsgreisslerei.at%2Fwp-json%2Fpodlove-web-player%2Fshortcode%2Fconfig%2Fdefault%2Ftheme%2Fdefault&amp;episode=https%3A%2F%2Fwww.forschungsgreisslerei.at%2Fwp-json%2Fpodlove-web-player%2Fshortcode%2Fpublisher%2F1043\" width=\"768\" height=\"200\" frameborder=\"0\" scrolling=\"no\"><\/iframe><\/p>\n\n\n\n<p><iframe loading=\"lazy\" tabindex=\"0\" title=\"Podlove Web Player: Landschaftsg\u00e4rtnerInnen der Neurosen - Episode 11: Die \" src=\"https:\/\/www.forschungsgreisslerei.at\/wp-content\/plugins\/podlove-web-player\/web-player\/share.html?config=https%3A%2F%2Fwww.forschungsgreisslerei.at%2Fwp-json%2Fpodlove-web-player%2Fshortcode%2Fconfig%2Fdefault%2Ftheme%2Fdefault&amp;episode=https%3A%2F%2Fwww.forschungsgreisslerei.at%2Fwp-json%2Fpodlove-web-player%2Fshortcode%2Fpublisher%2F713\" width=\"768\" height=\"200\" frameborder=\"0\" scrolling=\"no\"><\/iframe><\/p>\n\n\n\n<p><iframe loading=\"lazy\" tabindex=\"0\" title=\"Podlove Web Player: Landschaftsg\u00e4rtnerInnen der Neurosen - Episode 10: Die \" src=\"https:\/\/www.forschungsgreisslerei.at\/wp-content\/plugins\/podlove-web-player\/web-player\/share.html?config=https%3A%2F%2Fwww.forschungsgreisslerei.at%2Fwp-json%2Fpodlove-web-player%2Fshortcode%2Fconfig%2Fdefault%2Ftheme%2Fdefault&amp;episode=https%3A%2F%2Fwww.forschungsgreisslerei.at%2Fwp-json%2Fpodlove-web-player%2Fshortcode%2Fpublisher%2F650\" width=\"768\" height=\"200\" frameborder=\"0\" scrolling=\"no\"><\/iframe><\/p>\n\n\n\n<p><iframe loading=\"lazy\" tabindex=\"0\" title=\"Podlove Web Player: Landschaftsg\u00e4rtnerInnen der Neurosen - Episode 9: Humor in der Psychotherapie\" src=\"https:\/\/www.forschungsgreisslerei.at\/wp-content\/plugins\/podlove-web-player\/web-player\/share.html?config=https%3A%2F%2Fwww.forschungsgreisslerei.at%2Fwp-json%2Fpodlove-web-player%2Fshortcode%2Fconfig%2Fdefault%2Ftheme%2Fdefault&amp;episode=https%3A%2F%2Fwww.forschungsgreisslerei.at%2Fwp-json%2Fpodlove-web-player%2Fshortcode%2Fpublisher%2F638\" width=\"768\" height=\"200\" frameborder=\"0\" scrolling=\"no\"><span data-mce-type=\"bookmark\" style=\"display: inline-block; width: 0px; overflow: hidden; line-height: 0;\" class=\"mce_SELRES_start\">\ufeff<\/span><\/iframe><\/p>\n\n\n\n<p><iframe loading=\"lazy\" tabindex=\"0\" title=\"Podlove Web Player: Landschaftsg\u00e4rtnerInnen der Neurosen - Episode 8: Musiktherapie\" src=\"https:\/\/www.forschungsgreisslerei.at\/wp-content\/plugins\/podlove-web-player\/web-player\/share.html?config=https%3A%2F%2Fwww.forschungsgreisslerei.at%2Fwp-json%2Fpodlove-web-player%2Fshortcode%2Fconfig%2Fdefault%2Ftheme%2Fdefault&amp;episode=https%3A%2F%2Fwww.forschungsgreisslerei.at%2Fwp-json%2Fpodlove-web-player%2Fshortcode%2Fpublisher%2F595\" width=\"768\" height=\"200\" frameborder=\"0\" scrolling=\"no\"><\/iframe><\/p>\n\n\n\n<p><iframe loading=\"lazy\" tabindex=\"0\" title=\"Podlove Web Player: Landschaftsg\u00e4rtnerInnen der Neurosen - Folge 7: Psychologists \/ Psychotherapists for Future\" src=\"https:\/\/www.forschungsgreisslerei.at\/wp-content\/plugins\/podlove-web-player\/web-player\/share.html?config=https%3A%2F%2Fwww.forschungsgreisslerei.at%2Fwp-json%2Fpodlove-web-player%2Fshortcode%2Fconfig%2Fdefault%2Ftheme%2Fdefault&amp;episode=https%3A%2F%2Fwww.forschungsgreisslerei.at%2Fwp-json%2Fpodlove-web-player%2Fshortcode%2Fpublisher%2F552\" width=\"768\" height=\"200\" frameborder=\"0\" scrolling=\"no\"><\/iframe><\/p>\n\n\n\n<p><iframe loading=\"lazy\" tabindex=\"0\" title=\"Podlove Web Player: Landschaftsg\u00e4rtnerInnen der Neurosen - Folge 6: Tageb\u00fccher und Tagebuchslams\" src=\"https:\/\/www.forschungsgreisslerei.at\/wp-content\/plugins\/podlove-web-player\/web-player\/share.html?config=https%3A%2F%2Fwww.forschungsgreisslerei.at%2Fwp-json%2Fpodlove-web-player%2Fshortcode%2Fconfig%2Fdefault%2Ftheme%2Fdefault&amp;episode=https%3A%2F%2Fwww.forschungsgreisslerei.at%2Fwp-json%2Fpodlove-web-player%2Fshortcode%2Fpublisher%2F515\" width=\"768\" height=\"200\" frameborder=\"0\" scrolling=\"no\"><\/iframe><\/p>\n\n\n\n<p><iframe loading=\"lazy\" tabindex=\"0\" title=\"Podlove Web Player: Landschaftsg\u00e4rtnerInnen der Neurosen - Folge 5: Menschenhandel\" src=\"https:\/\/www.forschungsgreisslerei.at\/wp-content\/plugins\/podlove-web-player\/web-player\/share.html?config=https%3A%2F%2Fwww.forschungsgreisslerei.at%2Fwp-json%2Fpodlove-web-player%2Fshortcode%2Fconfig%2Fdefault%2Ftheme%2Fdefault&amp;episode=https%3A%2F%2Fwww.forschungsgreisslerei.at%2Fwp-json%2Fpodlove-web-player%2Fshortcode%2Fpublisher%2F503\" width=\"768\" height=\"200\" frameborder=\"0\" scrolling=\"no\"><\/iframe><\/p>\n\n\n\n<p><iframe loading=\"lazy\" tabindex=\"0\" title=\"Podlove Web Player: Landschaftsg\u00e4rtnerInnen der Neurosen - Folge 4: Krisenintervention\" src=\"https:\/\/www.forschungsgreisslerei.at\/wp-content\/plugins\/podlove-web-player\/web-player\/share.html?config=https%3A%2F%2Fwww.forschungsgreisslerei.at%2Fwp-json%2Fpodlove-web-player%2Fshortcode%2Fconfig%2Fdefault%2Ftheme%2Fdefault&amp;episode=https%3A%2F%2Fwww.forschungsgreisslerei.at%2Fwp-json%2Fpodlove-web-player%2Fshortcode%2Fpublisher%2F492\" width=\"768\" height=\"200\" frameborder=\"0\" scrolling=\"no\"><\/iframe><\/p>\n\n\n\n<p><iframe loading=\"lazy\" tabindex=\"0\" title=\"Podlove Web Player: Landschaftsg\u00e4rtnerInnen der Neurosen - Folge 3: Obdachlosigkeit\" src=\"https:\/\/www.forschungsgreisslerei.at\/wp-content\/plugins\/podlove-web-player\/web-player\/share.html?config=https%3A%2F%2Fwww.forschungsgreisslerei.at%2Fwp-json%2Fpodlove-web-player%2Fshortcode%2Fconfig%2Fdefault%2Ftheme%2Fdefault&amp;episode=https%3A%2F%2Fwww.forschungsgreisslerei.at%2Fwp-json%2Fpodlove-web-player%2Fshortcode%2Fpublisher%2F471\" width=\"768\" height=\"200\" frameborder=\"0\" scrolling=\"no\"><\/iframe><\/p>\n\n\n\n<p><iframe loading=\"lazy\" tabindex=\"0\" title=\"Podlove Web Player: Landschaftsg\u00e4rtnerInnen der Neurosen - Folge 2: Das \" src=\"https:\/\/www.forschungsgreisslerei.at\/wp-content\/plugins\/podlove-web-player\/web-player\/share.html?config=https%3A%2F%2Fwww.forschungsgreisslerei.at%2Fwp-json%2Fpodlove-web-player%2Fshortcode%2Fconfig%2Fdefault%2Ftheme%2Fdefault&amp;episode=https%3A%2F%2Fwww.forschungsgreisslerei.at%2Fwp-json%2Fpodlove-web-player%2Fshortcode%2Fpublisher%2F444\" width=\"768\" height=\"200\" frameborder=\"0\" scrolling=\"no\"><\/iframe><\/p>\n\n\n\n<p><iframe loading=\"lazy\" tabindex=\"0\" title=\"Podlove Web Player: Landschaftsg\u00e4rtnerInnen der Neurosen - Folge 1: Vom Sinn des Sterbens\" src=\"https:\/\/www.forschungsgreisslerei.at\/wp-content\/plugins\/podlove-web-player\/web-player\/share.html?config=https%3A%2F%2Fwww.forschungsgreisslerei.at%2Fwp-json%2Fpodlove-web-player%2Fshortcode%2Fconfig%2Fdefault%2Ftheme%2Fdefault&amp;episode=https%3A%2F%2Fwww.forschungsgreisslerei.at%2Fwp-json%2Fpodlove-web-player%2Fshortcode%2Fpublisher%2F313\" width=\"768\" height=\"200\" frameborder=\"0\" scrolling=\"no\"><\/iframe><\/p>","protected":false},"excerpt":{"rendered":"<p>Christina Frank und Gerhard Hintenberger&nbsp;sprechen mit ihren G\u00e4sten \u00fcber Themen der Psychologie, Psychotherapie, Soziologe sowie der Sozialen Arbeit. Sie k\u00f6nnen sich die einzelnen Folgen des Podcasts auch auf Spotify, iTunes&nbsp;sowie auf Podcastapps am Smartphone anh\u00f6ren<\/p>\n","protected":false},"author":1,"featured_media":0,"parent":0,"menu_order":0,"comment_status":"closed","ping_status":"closed","template":"template-centered.php","meta":{"footnotes":""},"class_list":["post-1297","page","type-page","status-publish","hentry"],"_links":{"self":[{"href":"https:\/\/www.e-beratungsjournal.net\/index.php?rest_route=\/wp\/v2\/pages\/1297","targetHints":{"allow":["GET"]}}],"collection":[{"href":"https:\/\/www.e-beratungsjournal.net\/index.php?rest_route=\/wp\/v2\/pages"}],"about":[{"href":"https:\/\/www.e-beratungsjournal.net\/index.php?rest_route=\/wp\/v2\/types\/page"}],"author":[{"embeddable":true,"href":"https:\/\/www.e-beratungsjournal.net\/index.php?rest_route=\/wp\/v2\/users\/1"}],"replies":[{"embeddable":true,"href":"https:\/\/www.e-beratungsjournal.net\/index.php?rest_route=%2Fwp%2Fv2%2Fcomments&post=1297"}],"version-history":[{"count":19,"href":"https:\/\/www.e-beratungsjournal.net\/index.php?rest_route=\/wp\/v2\/pages\/1297\/revisions"}],"predecessor-version":[{"id":1747,"href":"https:\/\/www.e-beratungsjournal.net\/index.php?rest_route=\/wp\/v2\/pages\/1297\/revisions\/1747"}],"wp:attachment":[{"href":"https:\/\/www.e-beratungsjournal.net\/index.php?rest_route=%2Fwp%2Fv2%2Fmedia&parent=1297"}],"curies":[{"name":"wp","href":"https:\/\/api.w.org\/{rel}","templated":true}]}}