{"id":1423,"date":"2022-02-04T13:03:51","date_gmt":"2022-02-04T11:03:51","guid":{"rendered":"https:\/\/www.e-beratungsjournal.net\/?page_id=1423"},"modified":"2022-02-04T13:04:40","modified_gmt":"2022-02-04T11:04:40","slug":"15-jahrgang-2019-heft-1-4-3-2-2-2","status":"publish","type":"page","link":"https:\/\/www.e-beratungsjournal.net\/?page_id=1423","title":{"rendered":"Abstract: 18. Jahrgang (2022), Heft 1 \/ Artikel 2"},"content":{"rendered":"<p>Engelhardt, E. M. &amp; Piekorz, K. (2022). Einfu\u0308hrung in die Onlineberatung per Messenger.\u00a0<em>e-beratungsjournal.net \u2013 Zeitschrift f\u00fcr Online-Beratung und computervermittelte Kommunikation 18<\/em>(1), 18-33.<br \/>\nDOI: <a href=\"https:\/\/doi.org\/10.48341\/3xv3-8186\" target=\"_blank\" rel=\"noopener\">https:\/\/doi.org\/10.48341\/3xv3-8186<\/a><br \/>\nPDF: <a href=\"https:\/\/www.e-beratungsjournal.net\/wp-content\/uploads\/2022\/02\/engelhardt_piekorz.pdf\" target=\"_blank\" rel=\"noopener\">https:\/\/www.e-beratungsjournal.net\/wp-content\/uploads\/2022\/02\/engelhardt_piekorz.pdf<\/a><\/p>\n<div class=\"page\" title=\"Page 1\">\n<div class=\"layoutArea\">\n<div class=\"column\">\n<p><strong>Zusammenfassung<\/strong><br \/>\nAusgehend von der Bedeutung des Messengers in der Alltagskommunikation vieler ratsuchenden Menschen soll im vorliegenden Artikel nun der Frage nachgegangen werden, welchen Platz Messenger in der psychosozialen (Online-)Beratung bereits haben und wie sie die weitere Entwicklung der (Online-)Beratung zuk\u00fcnftig ver\u00e4ndern k\u00f6nnten. Nach einer begrifflichen Erl\u00e4uterung und Einsortierung des Begriffs Messengers wird dessen Kommunikationsformen genauer analysiert und von den bereits etablierten Onlineberatungsm\u00f6glichkeiten abgegrenzt. Anschlie\u00dfend werden konkrete Einsatzszenarien von Messengerfunktionen f\u00fcr den Beratungsalltag vorgestellt und er\u00f6rtert, was bei der Auswahl eines Messengers f\u00fcr professionelle Beratung zu beachten ist. Abschlie\u00dfend werden die Aspekte Digitalstress &amp; Achtsamkeit in der Messengerberatung thematisiert sowie ein Ausblick f\u00fcr die k\u00fcnftigen Entwicklungsperspektiven des Messengers in der (Online\u2011)Beratungslandschaft gegeben.<\/p>\n<p><strong>Schl\u00fcsselw\u00f6rter<br \/>\n<\/strong>Messenger, Onlineberatung, Videoberatung, schriftliche Beratung<\/p>\n<p><strong>Abstract<br \/>\n<\/strong>Based on the importance of messengers in our everyday communication of many people seeking counseling, this article discusses the status of messengers in (online-)counselling and their impact on the further development of (online-)counselling. After a conceptual definition and classification of the term messenger, the different forms of communication are analyzed and compared to already established online-counselling-options. In a next step practical application examples of messenger functions for different counselling scenarios are presented. Furthermore the article presents aspects that need to be considered when choosing a messenger for professional counselling. Finally, the aspects of digital stress and mindfulness in messenger counselling are discussed and the article ends with an outlook for the future development perspectives of messengers in (online-) counselling.<\/p>\n<p><strong>Keywords<br \/>\n<\/strong>Messenger, Online-Counseling, Video-Counseling, Text-Counseling<\/p>\n<\/div>\n<\/div>\n<\/div>","protected":false},"excerpt":{"rendered":"<p>Engelhardt, E. M. &amp; Piekorz, K. (2022). Einfu\u0308hrung in die Onlineberatung per Messenger.\u00a0e-beratungsjournal.net \u2013 Zeitschrift f\u00fcr Online-Beratung und computervermittelte Kommunikation 18(1), 18-33. DOI: https:\/\/doi.org\/10.48341\/3xv3-8186 PDF: https:\/\/www.e-beratungsjournal.net\/wp-content\/uploads\/2022\/02\/engelhardt_piekorz.pdf Zusammenfassung Ausgehend von der Bedeutung des Messengers in der<\/p>\n","protected":false},"author":1,"featured_media":0,"parent":0,"menu_order":0,"comment_status":"closed","ping_status":"closed","template":"","meta":{"footnotes":""},"class_list":["post-1423","page","type-page","status-publish","hentry"],"_links":{"self":[{"href":"https:\/\/www.e-beratungsjournal.net\/index.php?rest_route=\/wp\/v2\/pages\/1423","targetHints":{"allow":["GET"]}}],"collection":[{"href":"https:\/\/www.e-beratungsjournal.net\/index.php?rest_route=\/wp\/v2\/pages"}],"about":[{"href":"https:\/\/www.e-beratungsjournal.net\/index.php?rest_route=\/wp\/v2\/types\/page"}],"author":[{"embeddable":true,"href":"https:\/\/www.e-beratungsjournal.net\/index.php?rest_route=\/wp\/v2\/users\/1"}],"replies":[{"embeddable":true,"href":"https:\/\/www.e-beratungsjournal.net\/index.php?rest_route=%2Fwp%2Fv2%2Fcomments&post=1423"}],"version-history":[{"count":1,"href":"https:\/\/www.e-beratungsjournal.net\/index.php?rest_route=\/wp\/v2\/pages\/1423\/revisions"}],"predecessor-version":[{"id":1424,"href":"https:\/\/www.e-beratungsjournal.net\/index.php?rest_route=\/wp\/v2\/pages\/1423\/revisions\/1424"}],"wp:attachment":[{"href":"https:\/\/www.e-beratungsjournal.net\/index.php?rest_route=%2Fwp%2Fv2%2Fmedia&parent=1423"}],"curies":[{"name":"wp","href":"https:\/\/api.w.org\/{rel}","templated":true}]}}