{"id":1455,"date":"2022-07-05T10:36:56","date_gmt":"2022-07-05T08:36:56","guid":{"rendered":"https:\/\/www.e-beratungsjournal.net\/?page_id=1455"},"modified":"2022-07-05T10:36:56","modified_gmt":"2022-07-05T08:36:56","slug":"15-jahrgang-2019-heft-1-4-3-2-2-3","status":"publish","type":"page","link":"https:\/\/www.e-beratungsjournal.net\/?page_id=1455","title":{"rendered":"Abstract: 18. Jahrgang (2022), Heft 2 \/ Artikel 1"},"content":{"rendered":"<p>R\u00fcbner, M. (2022).\u00a0Konzeptionelle und methodische Ansatzpunkte der Videoberatung in Bildung, Beruf und Besch\u00e4ftigung.\u00a0<em>e-beratungsjournal.net \u2013 Zeitschrift f\u00fcr Online-Beratung und computervermittelte Kommunikation 18<\/em>(2), 1-19.<br \/>\nDOI: <a href=\"https:\/\/doi.org\/10.48341\/kk6e-ak13\" target=\"_blank\" rel=\"noopener\">https:\/\/doi.org\/10.48341\/kk6e-ak13<\/a><br \/>\nPDF: <a href=\"http:\/\/www.e-beratungsjournal.net\/wp-content\/uploads\/2022\/07\/ruebner.pdf\" target=\"_blank\" rel=\"noopener\">http:\/\/www.e-beratungsjournal.net\/wp-content\/uploads\/2022\/07\/ruebner.pdf<\/a><\/p>\n<div class=\"page\" title=\"Page 1\">\n<div class=\"layoutArea\">\n<div class=\"column\">\n<p><strong>Zusammenfassung<br \/>\n<\/strong>Seit Beginn der Corona-Pandemie hat die Videoberatung in zahlreichen Handlungsfeldern personenbezogener Beratung an Bedeutung gewonnen. Viele Beratungseinrichtungen f\u00fchrten zum ersten Mal ein Beratungsangebot per Video ein, es wurden kurzfristig neue Zug\u00e4nge erprobt, Erfahrungen gesammelt und L\u00f6sungen gefunden. Inzwischen wird die Praxis der Videoberatung von einer wachsenden Fach\u00f6ffentlichkeit und wissenschaftlichen Reflexion begleitet. In diesen Prozess zunehmender Professionalisierung reiht sich der vorliegende Beitrag ein und m\u00f6chte zur begrifflichen Sch\u00e4rfung und methodischen Weiterentwicklung der Videoberatung beitragen. Neben einschl\u00e4giger Fachliteratur wird dabei auf Feldbeobachtungen in der Berufs- und Besch\u00e4ftigungsberatung der Bundesagentur f\u00fcr Arbeit (Deutschland) zur\u00fcckgegriffen. Im ersten Teil werden zun\u00e4chst neun zentrale Gesichtspunkte der Videoberatung umrissen. Im zweiten Teil werden vor dem Hintergrund ihrer weiteren Spezialisierung konkrete, vornehmlich methodische Fragen und Ansatzpunkte f\u00fcr das Handlungsfeld der Beratung in Bildung, Beruf und Besch\u00e4ftigung behandelt. In einem kurzen Ausblick werden schlie\u00dflich m\u00f6gliche Entwicklungs- und Forschungsperspektiven angesprochen.<\/p>\n<p><strong>Schlu\u0308sselwo\u0308rter<br \/>\n<\/strong>Onlineberatung, Videoberatung, Pr\u00e4senzberatung, Beratung in Bildung, Beruf und Besch\u00e4ftigung<\/p>\n<p><strong>Abstract<br \/>\n<\/strong>Since the beginning of the Corona pandemic, video counseling has gained importance in numerous fields of personal counseling. Many counseling institutions introduced video counseling services for the first time. New approaches were tested at short notice, experience gained, and solutions found. In the meantime, the practice of video counseling is accompanied by a growing professional community and scientific reflection. This article is part of this process of increasing professionalization and contributes to the further conceptual clarification and methodological development of video counseling. In addition to relevant literature, this work draws on field observations in the career and employment counseling service of the Federal Employment Agency (Germany). In the first part, nine key aspects of video counseling are outlined. The second part discusses concrete, primarily methodological questions and approaches for counseling in education, career and employment. Finally, in a short outlook, possible development and research perspectives are addressed.<\/p>\n<p><strong>Keywords<br \/>\n<\/strong>Online counseling, video counseling, face-to-face counseling, counseling in education, career and employment<\/p>\n<\/div>\n<\/div>\n<\/div>\n<p>&nbsp;<\/p>","protected":false},"excerpt":{"rendered":"<p>R\u00fcbner, M. (2022).\u00a0Konzeptionelle und methodische Ansatzpunkte der Videoberatung in Bildung, Beruf und Besch\u00e4ftigung.\u00a0e-beratungsjournal.net \u2013 Zeitschrift f\u00fcr Online-Beratung und computervermittelte Kommunikation 18(2), 1-19. DOI: https:\/\/doi.org\/10.48341\/kk6e-ak13 PDF: http:\/\/www.e-beratungsjournal.net\/wp-content\/uploads\/2022\/07\/ruebner.pdf Zusammenfassung Seit Beginn der Corona-Pandemie hat die Videoberatung in<\/p>\n","protected":false},"author":1,"featured_media":0,"parent":0,"menu_order":0,"comment_status":"closed","ping_status":"closed","template":"","meta":{"footnotes":""},"class_list":["post-1455","page","type-page","status-publish","hentry"],"_links":{"self":[{"href":"https:\/\/www.e-beratungsjournal.net\/index.php?rest_route=\/wp\/v2\/pages\/1455","targetHints":{"allow":["GET"]}}],"collection":[{"href":"https:\/\/www.e-beratungsjournal.net\/index.php?rest_route=\/wp\/v2\/pages"}],"about":[{"href":"https:\/\/www.e-beratungsjournal.net\/index.php?rest_route=\/wp\/v2\/types\/page"}],"author":[{"embeddable":true,"href":"https:\/\/www.e-beratungsjournal.net\/index.php?rest_route=\/wp\/v2\/users\/1"}],"replies":[{"embeddable":true,"href":"https:\/\/www.e-beratungsjournal.net\/index.php?rest_route=%2Fwp%2Fv2%2Fcomments&post=1455"}],"version-history":[{"count":2,"href":"https:\/\/www.e-beratungsjournal.net\/index.php?rest_route=\/wp\/v2\/pages\/1455\/revisions"}],"predecessor-version":[{"id":1457,"href":"https:\/\/www.e-beratungsjournal.net\/index.php?rest_route=\/wp\/v2\/pages\/1455\/revisions\/1457"}],"wp:attachment":[{"href":"https:\/\/www.e-beratungsjournal.net\/index.php?rest_route=%2Fwp%2Fv2%2Fmedia&parent=1455"}],"curies":[{"name":"wp","href":"https:\/\/api.w.org\/{rel}","templated":true}]}}