{"id":1576,"date":"2023-12-20T16:02:18","date_gmt":"2023-12-20T14:02:18","guid":{"rendered":"https:\/\/www.e-beratungsjournal.net\/?page_id=1576"},"modified":"2024-02-21T19:44:06","modified_gmt":"2024-02-21T17:44:06","slug":"15-jahrgang-2019-heft-1-4-3-2-2-5-2-2-2","status":"publish","type":"page","link":"https:\/\/www.e-beratungsjournal.net\/?page_id=1576","title":{"rendered":"Abstract: 19. Jahrgang (2023), Heft 2 \/ Artikel 2"},"content":{"rendered":"<p>Engelhardt, E. (2023). Zwischenruf auf die Onlineberatung \u2013 eine postpandemische Reflexion und Diskussion aktueller Herausforderungen. <em>e-beratungsjournal.net \u2013 Zeitschrift f\u00fcr Online-Beratung und computervermittelte Kommunikation, 19<\/em>(2), 10-24.<br \/>\nDOI: <a href=\"https:\/\/doi.org\/10.48341\/a3fb-nr51\" target=\"_blank\" rel=\"noopener\">https:\/\/doi.org\/10.48341\/a3fb-nr51<\/a><br \/>\nPDF: <a href=\"http:\/\/www.e-beratungsjournal.net\/wp-content\/uploads\/2024\/02\/Engelhardt_aktualisiert.pdf\" target=\"_blank\" rel=\"noopener\">http:\/\/www.e-beratungsjournal.net\/wp-content\/uploads\/2024\/02\/Engelhardt_aktualisiert.pdf<\/a><\/p>\n<div class=\"page\" title=\"Page 1\">\n<div class=\"layoutArea\">\n<div class=\"column\">\n<p><strong>Zusammenfassung<\/strong><\/p>\n<p>Der Artikel thematisiert aktuelle Entwicklung und Herausforderungen der Onlineberatung in der Zeit nach der Pandemie. Er beleuchtet, wie die Auswirkungen der COVID-19-Pandemie die Landschaft der psychosozialen (Online-) Beratung nachhaltig ver\u00e4ndert haben und welche aktuellen und zuk\u00fcnftigen Entwicklungen unter dem Vorzeichen der starken Verbreitung generativer K\u00fcnstlicher Intelligenz angenommen werden d\u00fcrfen. Hierzu fokussiert der erste Teil des Artikels auf die digitalen Beratungspraktiken w\u00e4hrend der Pandemie und dabei insbesondere auf das in der Onlineberatungslandschaft neuartige Setting der Videoberatung. Hierzu wird ein kritischer Blick auf die Entwicklung und Nutzung technologischer Innovationen sowie der Zug\u00e4nglichkeit dieses Angebots f\u00fcr Ratsuchende geworfen. Der zweite Teil des Artikels zieht eine Bilanz im Sinne von \u201alessons learned\u2018 und diskutiert die Frage, wie sich der aktuelle Stand der Onlineberatung beschreiben l\u00e4sst. Hierbei geht es unter anderem um die Sch\u00e4rfung des Begriffs der Onlineberatung sowie Fragen der Qualit\u00e4t von Angeboten und der Qualifizierung von Berater:innen. Der dritte und letzte Teil wagt einen Blick in die Zukunft und greift die aktuellen Entwicklungen rund um generative K\u00fcnstliche Intelligenz (KI) auf. Es werden unterschiedliche Hypothesen diskutiert, die einen Diskurs \u00fcber die Weiterentwicklung einer in Zukunft KI-unterst\u00fctzten Onlineberatung er\u00f6ffnen sollen.<\/p>\n<p><strong>Schlu\u0308sselwo\u0308rter<\/strong><br \/>\nOnlineberatung, Pandemie, Generative KI, Qualit\u00e4tsstandards, Digitale Transformation<\/p>\n<p><strong>Abstract<\/strong><\/p>\n<p>The article examines the current development and challenges of online counseling in the postpandemic era. It highlights how the impact of the COVID-19 pandemic has significantly altered the landscape of psychosocial (online) counseling and what current and future developments can be expected under the widespread adoption of generative artificial intelligence. The first part of the article focuses on the digital counseling practices during the pandemic, particularly on the novel setting of video counseling in the online counseling landscape. This involves a critical examination of the development and use of technological innovations and the accessibility of this service to those seeking advice. The second part of the article draws a balance in terms of &#8218;lessons learned&#8216; and discusses the question of how the current state of online counseling can be described. This includes sharpening the term of online counseling and issues related to the quality of services and the qualification of counselors. The third and final part looks into the future and addresses the current developments around generative artificial intelligence (AI). Different hypotheses are discussed, aiming to initiate a discourse on the further development of AI-supported online counseling in the future.<\/p>\n<p><strong>Keywords<\/strong><br \/>\nOnline Counseling, Pandemic, Generative AI, Quality standards, Digital Transformation<\/p>\n<\/div>\n<\/div>\n<\/div>\n<p>&nbsp;<\/p>","protected":false},"excerpt":{"rendered":"<p>Engelhardt, E. (2023). Zwischenruf auf die Onlineberatung \u2013 eine postpandemische Reflexion und Diskussion aktueller Herausforderungen. e-beratungsjournal.net \u2013 Zeitschrift f\u00fcr Online-Beratung und computervermittelte Kommunikation, 19(2), 10-24. DOI: https:\/\/doi.org\/10.48341\/a3fb-nr51 PDF: http:\/\/www.e-beratungsjournal.net\/wp-content\/uploads\/2024\/02\/Engelhardt_aktualisiert.pdf Zusammenfassung Der Artikel thematisiert aktuelle Entwicklung<\/p>\n","protected":false},"author":1,"featured_media":0,"parent":0,"menu_order":0,"comment_status":"closed","ping_status":"closed","template":"","meta":{"footnotes":""},"class_list":["post-1576","page","type-page","status-publish","hentry"],"_links":{"self":[{"href":"https:\/\/www.e-beratungsjournal.net\/index.php?rest_route=\/wp\/v2\/pages\/1576","targetHints":{"allow":["GET"]}}],"collection":[{"href":"https:\/\/www.e-beratungsjournal.net\/index.php?rest_route=\/wp\/v2\/pages"}],"about":[{"href":"https:\/\/www.e-beratungsjournal.net\/index.php?rest_route=\/wp\/v2\/types\/page"}],"author":[{"embeddable":true,"href":"https:\/\/www.e-beratungsjournal.net\/index.php?rest_route=\/wp\/v2\/users\/1"}],"replies":[{"embeddable":true,"href":"https:\/\/www.e-beratungsjournal.net\/index.php?rest_route=%2Fwp%2Fv2%2Fcomments&post=1576"}],"version-history":[{"count":2,"href":"https:\/\/www.e-beratungsjournal.net\/index.php?rest_route=\/wp\/v2\/pages\/1576\/revisions"}],"predecessor-version":[{"id":1589,"href":"https:\/\/www.e-beratungsjournal.net\/index.php?rest_route=\/wp\/v2\/pages\/1576\/revisions\/1589"}],"wp:attachment":[{"href":"https:\/\/www.e-beratungsjournal.net\/index.php?rest_route=%2Fwp%2Fv2%2Fmedia&parent=1576"}],"curies":[{"name":"wp","href":"https:\/\/api.w.org\/{rel}","templated":true}]}}