{"id":162,"date":"2014-11-13T18:59:39","date_gmt":"2014-11-13T16:59:39","guid":{"rendered":"http:\/\/www.e-beratungsjournal.net\/wp\/?page_id=162"},"modified":"2014-11-13T18:59:39","modified_gmt":"2014-11-13T16:59:39","slug":"4-jahrgang-heft-2-oktober-2008schwerpunktthema-forschungonline","status":"publish","type":"page","link":"https:\/\/www.e-beratungsjournal.net\/?page_id=162","title":{"rendered":"4. Jahrgang, Heft 2 \u2013 Oktober 2008<br \/>Schwerpunktthema: Forschung@Online"},"content":{"rendered":"<p class=\"paragraph_style_3\">Stefan K\u00fchne, Gerhard Hintenberger: Editorial<br \/>\n<a class=\"class1\" title=\"http:\/\/www.e-beratungsjournal.net\/ausgabe_0208\/editorial.pdf\" href=\"http:\/\/www.e-beratungsjournal.net\/ausgabe_0208\/editorial.pdf\"><span class=\"Ohne\">Artikel PDF<\/span><\/a><br \/>\n<span class=\"style_3\"><br \/>\n<strong>Schwerpunktartikel:<\/strong><br \/>\n<\/span>Benjamin Zimmer, Markus M\u00f6ssner, Severin Haug, Stephanie Bauer &amp; Hans Kordy: M\u00f6glichkeiten der computergest\u00fctzten Kommunikationsanalyse in Internet-Chatgruppen<br \/>\n<a class=\"class2\" title=\"http:\/\/www.e-beratungsjournal.net\/ausgabe_0208\/zimmer.pdf\" href=\"http:\/\/www.e-beratungsjournal.net\/ausgabe_0208\/zimmer.pdf\"><span class=\"Ohne\">Artikel PDF<\/span><\/a><\/p>\n<p>Gerald Kral &amp; Roland Traunm\u00fcller: Psychologische Online-Beratung: Was erwarten die<br \/>\n(potenziellen) NutzerInnen?<br \/>\n<a class=\"class3\" title=\"http:\/\/www.e-beratungsjournal.net\/ausgabe_0208\/kral.pdf\" href=\"http:\/\/www.e-beratungsjournal.net\/ausgabe_0208\/kral.pdf\"><span class=\"Ohne\">Artikel PDF<\/span><br \/>\n<\/a><br \/>\nJulia Brummel: Psychosoziale Beratung im Internet als Problemintervention bei Jugendlichen<br \/>\n<a class=\"class4\" title=\"http:\/\/www.e-beratungsjournal.net\/ausgabe_0208\/brummel.pdf\" href=\"http:\/\/www.e-beratungsjournal.net\/ausgabe_0208\/brummel.pdf\"><span class=\"Ohne\">Artikel PDF<\/span><br \/>\n<\/a><br \/>\nJasmin Hartel: Wirkfaktoren in der E-Mail-Beratung. Die Effektivit\u00e4t von Peer-Beratung und die Beratungsbeziehung in der Online-Beratung Beratung<br \/>\n<a class=\"class5\" title=\"http:\/\/www.e-beratungsjournal.net\/ausgabe_0208\/hartel.pdf\" href=\"http:\/\/www.e-beratungsjournal.net\/ausgabe_0208\/hartel.pdf\"><span class=\"Ohne\">Artikel PDF<\/span><\/a><a title=\"http:\/\/www.e-beratungsjournal.net\/ausgabe_0207\/wagner.pdf\" href=\"http:\/\/www.e-beratungsjournal.net\/ausgabe_0207\/wagner.pdf\"><br \/>\n<\/a><span class=\"style_3\"><br \/>\n<strong>Grundlagenartikel:<\/strong><br \/>\n<\/span>Triz Heider: Prozesse in der Chatberatung<br \/>\n<a class=\"class6\" title=\"http:\/\/www.e-beratungsjournal.net\/ausgabe_0208\/heider.pdf\" href=\"http:\/\/www.e-beratungsjournal.net\/ausgabe_0208\/heider.pdf\"><span class=\"Ohne\">Artikel PDF<\/span><\/a><br \/>\n<span class=\"style_3\"><br \/>\n<strong>Aus der Praxis:<\/strong><br \/>\n<\/span>Christiane Brockes, Sabine Schmidt-Weitmann, Jacqueline Buser, Wolfgang Gerke, Frank Hermann &amp; Doris Baumann: Virtuelle Patientenberatung im Universit\u00e4tsSpital Z\u00fcrich<br \/>\n<a class=\"class7\" title=\"http:\/\/www.e-beratungsjournal.net\/ausgabe_0208\/brockes.pdf\" href=\"http:\/\/www.e-beratungsjournal.net\/ausgabe_0208\/brockes.pdf\"><span class=\"Ohne\">Artikel PDF<\/span><\/a><\/p>\n<p>Myriam Antinori: Online-Beratung in Tirol &#8211; Ist-Stand-Erhebung und Implementierung eines Beratungsangebotes im TirolCHAT<br \/>\n<a class=\"class8\" title=\"http:\/\/www.e-beratungsjournal.net\/ausgabe_0208\/antinori.pdf\" href=\"http:\/\/www.e-beratungsjournal.net\/ausgabe_0208\/antinori.pdf\"><span class=\"Ohne\">Artikel PDF<\/span><\/a> <a title=\"http:\/\/www.e-beratungsjournal.net\/ausgabe_0107\/keller.pdf\" href=\"http:\/\/www.e-beratungsjournal.net\/ausgabe_0107\/keller.pdf\"><br \/>\n<\/a><a title=\"http:\/\/www.e-beratungsjournal.net\/ausgabe_0106\/ince.pdf\" href=\"http:\/\/www.e-beratungsjournal.net\/ausgabe_0106\/ince.pdf\"><br \/>\n<\/a><span class=\"style_3\"><strong>Aus den Universit\u00e4ten und Fachhochschulen:<\/strong><br \/>\n<\/span>Jasmin Hartel : Wirkfaktoren in der E-Mail-Beratung<a class=\"style_3\" title=\"http:\/\/www.e-beratungsjournal.net\/zus_0208.htm#hartel_dipl\" href=\"http:\/\/www.e-beratungsjournal.net\/zus_0208.htm#hartel_dipl\"><br \/>\n<\/a><a class=\"class9\" title=\"http:\/\/www.e-beratungsjournal.net\/ausgabe_0208\/hartel_dipl.pdf\" href=\"http:\/\/www.e-beratungsjournal.net\/ausgabe_0208\/hartel_dipl.pdf\"><span class=\"Ohne\">Artikel PDF<\/span><\/a> <span class=\"style_3\"><\/p>\n<p><strong>Rezensionen: <\/strong><\/span><br \/>\nStefan K\u00fchne: &#8222;Herausforderung gemeistert!&#8220; Rezension zu: Kimpeler, S., Mangold, M. &amp; Schweiger, W. (Hrsg.) (2007): &#8222;Die digitale Herausforderung.&#8220;<span class=\"style_4\"><br \/>\n<\/span><a class=\"class10\" title=\"http:\/\/www.e-beratungsjournal.net\/ausgabe_0208\/rezension.pdf\" href=\"http:\/\/www.e-beratungsjournal.net\/ausgabe_0208\/rezension.pdf\">Artikel PDF<\/a><\/p>","protected":false},"excerpt":{"rendered":"<p>Stefan K\u00fchne, Gerhard Hintenberger: Editorial Artikel PDF Schwerpunktartikel: Benjamin Zimmer, Markus M\u00f6ssner, Severin Haug, Stephanie Bauer &amp; Hans Kordy: M\u00f6glichkeiten der computergest\u00fctzten Kommunikationsanalyse in Internet-Chatgruppen Artikel PDF Gerald Kral &amp; Roland Traunm\u00fcller: Psychologische Online-Beratung: Was<\/p>\n","protected":false},"author":1,"featured_media":0,"parent":0,"menu_order":0,"comment_status":"closed","ping_status":"closed","template":"","meta":{"footnotes":""},"class_list":["post-162","page","type-page","status-publish","hentry"],"_links":{"self":[{"href":"https:\/\/www.e-beratungsjournal.net\/index.php?rest_route=\/wp\/v2\/pages\/162","targetHints":{"allow":["GET"]}}],"collection":[{"href":"https:\/\/www.e-beratungsjournal.net\/index.php?rest_route=\/wp\/v2\/pages"}],"about":[{"href":"https:\/\/www.e-beratungsjournal.net\/index.php?rest_route=\/wp\/v2\/types\/page"}],"author":[{"embeddable":true,"href":"https:\/\/www.e-beratungsjournal.net\/index.php?rest_route=\/wp\/v2\/users\/1"}],"replies":[{"embeddable":true,"href":"https:\/\/www.e-beratungsjournal.net\/index.php?rest_route=%2Fwp%2Fv2%2Fcomments&post=162"}],"version-history":[{"count":2,"href":"https:\/\/www.e-beratungsjournal.net\/index.php?rest_route=\/wp\/v2\/pages\/162\/revisions"}],"predecessor-version":[{"id":165,"href":"https:\/\/www.e-beratungsjournal.net\/index.php?rest_route=\/wp\/v2\/pages\/162\/revisions\/165"}],"wp:attachment":[{"href":"https:\/\/www.e-beratungsjournal.net\/index.php?rest_route=%2Fwp%2Fv2%2Fmedia&parent=162"}],"curies":[{"name":"wp","href":"https:\/\/api.w.org\/{rel}","templated":true}]}}