{"id":1675,"date":"2024-08-21T20:42:30","date_gmt":"2024-08-21T18:42:30","guid":{"rendered":"https:\/\/www.e-beratungsjournal.net\/?page_id=1675"},"modified":"2024-08-21T20:43:40","modified_gmt":"2024-08-21T18:43:40","slug":"15-jahrgang-2019-heft-1-4-3-2-2-5-3-3","status":"publish","type":"page","link":"https:\/\/www.e-beratungsjournal.net\/?page_id=1675","title":{"rendered":"Abstract: 20. Jahrgang (2024), Heft 2 \/ Artikel 1"},"content":{"rendered":"<p style=\"font-weight: 400;\">Walsch, J. &amp; B\u00f6hm, M. (2024). Besonderheiten von Online-Beratung in Pflichtsettings. Ausgew\u00e4hlte Ergebnisse aus Interviews mit Berater*innen und Klient*innen der Schwangerschaftskonfliktberatung.<span lang=\"DE\">\u00a0<\/span><em style=\"font-size: 1.125rem;\">e-beratungsjournal.net \u2013 Zeitschrift f\u00fcr Online-Beratung und computervermittelte Kommunikation, 20<\/em><span style=\"font-size: 1.125rem;\">(1), 1-18.<\/span><\/p>\n<p>DOI: <a href=\"https:\/\/doi.org\/10.48341\/8ag7-kj49\" target=\"_blank\" rel=\"noopener\">https:\/\/doi.org\/10.48341\/8ag7-kj49<\/a><br \/>\nPDF: <a href=\"http:\/\/www.e-beratungsjournal.net\/wp-content\/uploads\/2024\/08\/Walsch_Boehm.pdf\" target=\"_blank\" rel=\"noopener\">http:\/\/www.e-beratungsjournal.net\/wp-content\/uploads\/2024\/05\/01_Linnemann_Loehe_Rottkemper.pdf<\/a><\/p>\n<div class=\"page\" title=\"Page 1\">\n<div class=\"layoutArea\">\n<div class=\"column\">\n<p><strong>Zusammenfassung<\/strong><br \/>\nDurch die Kontaktbeschr\u00e4nkungen im Rahmen der Corona-Pandemie wurden digitale Formate auch zur Realisierung der bis dato ausschlie\u00dflich in Pr\u00e4senz durchgef\u00fchrten verpflichtenden Beratungen nach \u00a7 219 StGB (Schwangerschaftskonfliktberatung) relevant. Die Umstellung auf digitale Formate brachten Modifikationen und Umstrukturierungen in der Organisation und Durchf\u00fchrung der \u00a7 219Beratung mit sich. Der Beitrag widmet sich den Erfahrungen von Beraterinnen und Klientinnen, welche im Rahmen des BZgA-gef\u00f6rderten Forschungsprojektes \u201eBeSPa \u2013 Schwangerschaftsberatung und Sexuelle Bildung w\u00e4hrend der Covid-19-Pandemie\u201c mittels qualitativer Telefoninterviews erhoben wurden. Hierzu werden zun\u00e4chst rechtliche Grundlagen der \u00a7 219-Beratung sowie deren Pflichtkontext beleuchtet und anschlie\u00dfend ein \u00dcberblick \u00fcber bisher vorhandene empirische Daten zur digitalen \u00a7 219-Beratung gegeben. Nach einer Einf\u00fchrung in das Forschungsprojekt fokussiert der Beitrag die Wahrnehmungen der Beraterinnen und Klientinnen hinsichtlich der Umsetzung der Beziehungsgestaltung, Mitbestimmung der Klientinnen sowie Zukunftsperspektiven der digitalen \u00a7 219-Beratungen.<\/p>\n<p style=\"font-weight: 400;\"><strong>Schl\u00fcsselw\u00f6rter<br \/>\n<\/strong>Beratung nach \u00a7 219 StGB, digitale Beratung, Pflichtberatung, psychosoziale Versorgung, Schwangerschaftsabbruch, Schwangerschaftskonfliktberatung, Telefonberatung, Videoberatung.<\/p>\n<p style=\"font-weight: 400;\"><strong>Abstract<br \/>\n<\/strong>Due to the contact restrictions in the context of the COVID-19 pandemic, digital formats became also relevant for the realisation of the mandatory counselling according to \u00a7 219 StGB of germany, which had previously only been conducted in person. The switch to digital formats meant changes and restructuring in the organisation and implementation of \u00a7 219 counselling.<br \/>\nThis article is dedicated to the experiences of counsellors and clients, which were collected as part of the BZgA-funded research project &#8222;BeSPa \u2013 Schwangerschaftsberatung und Sexuelle Bildung w\u00e4hrend der Covid-19-Pandemie&#8220; using qualitative telephone interviews. To this end, the legal basis of \u00a7 219 counselling and the associated mandatory context are first examined followed by an overview of the available empirical data to digital \u00a7 219 counselling. After an introduction to the research project, the article focuses on the perceptions of the counsellors and clients with regard to the implementation of the relationship design, client participation and future prospects for digital \u00a7 219 counselling.<\/p>\n<p style=\"font-weight: 400;\"><strong>Keywords<br \/>\n<\/strong>abortion, digital counselling, digital \u00a7219 Counselling, obligatory counselling, pregnancy conflict counselling, psychosocial care.<\/p>\n<\/div>\n<\/div>\n<\/div>\n<p>&nbsp;<\/p>","protected":false},"excerpt":{"rendered":"<p>Walsch, J. &amp; B\u00f6hm, M. (2024). Besonderheiten von Online-Beratung in Pflichtsettings. Ausgew\u00e4hlte Ergebnisse aus Interviews mit Berater*innen und Klient*innen der Schwangerschaftskonfliktberatung.\u00a0e-beratungsjournal.net \u2013 Zeitschrift f\u00fcr Online-Beratung und computervermittelte Kommunikation, 20(1), 1-18. DOI: https:\/\/doi.org\/10.48341\/8ag7-kj49 PDF: http:\/\/www.e-beratungsjournal.net\/wp-content\/uploads\/2024\/05\/01_Linnemann_Loehe_Rottkemper.pdf Zusammenfassung<\/p>\n","protected":false},"author":1,"featured_media":0,"parent":0,"menu_order":0,"comment_status":"closed","ping_status":"closed","template":"","meta":{"footnotes":""},"class_list":["post-1675","page","type-page","status-publish","hentry"],"_links":{"self":[{"href":"https:\/\/www.e-beratungsjournal.net\/index.php?rest_route=\/wp\/v2\/pages\/1675","targetHints":{"allow":["GET"]}}],"collection":[{"href":"https:\/\/www.e-beratungsjournal.net\/index.php?rest_route=\/wp\/v2\/pages"}],"about":[{"href":"https:\/\/www.e-beratungsjournal.net\/index.php?rest_route=\/wp\/v2\/types\/page"}],"author":[{"embeddable":true,"href":"https:\/\/www.e-beratungsjournal.net\/index.php?rest_route=\/wp\/v2\/users\/1"}],"replies":[{"embeddable":true,"href":"https:\/\/www.e-beratungsjournal.net\/index.php?rest_route=%2Fwp%2Fv2%2Fcomments&post=1675"}],"version-history":[{"count":3,"href":"https:\/\/www.e-beratungsjournal.net\/index.php?rest_route=\/wp\/v2\/pages\/1675\/revisions"}],"predecessor-version":[{"id":1678,"href":"https:\/\/www.e-beratungsjournal.net\/index.php?rest_route=\/wp\/v2\/pages\/1675\/revisions\/1678"}],"wp:attachment":[{"href":"https:\/\/www.e-beratungsjournal.net\/index.php?rest_route=%2Fwp%2Fv2%2Fmedia&parent=1675"}],"curies":[{"name":"wp","href":"https:\/\/api.w.org\/{rel}","templated":true}]}}