{"id":1723,"date":"2025-04-10T07:04:16","date_gmt":"2025-04-10T05:04:16","guid":{"rendered":"https:\/\/www.e-beratungsjournal.net\/?page_id=1723"},"modified":"2025-12-13T00:50:59","modified_gmt":"2025-12-12T22:50:59","slug":"15-jahrgang-2019-heft-1-4-3-2-2-5-3-3-2-2-2-2","status":"publish","type":"page","link":"https:\/\/www.e-beratungsjournal.net\/?page_id=1723","title":{"rendered":"Abstract: 21 Jahrgang (2025), Heft 1 \/ Artikel 2"},"content":{"rendered":"<p>Rehn, J. &amp; Ababneh, S. (2025). VR-Beratungstraining in der Sozialen Arbeit. <em style=\"font-size: 1.125rem;\">e-beratungsjournal.net \u2013 Zeitschrift f\u00fcr Online-Beratung und computervermittelte Kommunikation, 21<\/em><span style=\"font-size: 1.125rem;\">(1), 28-36.<\/span><\/p>\n<p>DOI: <a href=\"https:\/\/doi.org\/10.48341\/7cyy-k583\" target=\"_blank\" rel=\"noopener\">https:\/\/doi.org\/10.48341\/7cyy-k583<\/a><br \/>\nPDF: <a href=\"http:\/\/www.e-beratungsjournal.net\/wp-content\/uploads\/2025\/12\/rehn_ababneh.pdf\" target=\"_blank\" rel=\"noopener\">http:\/\/www.e-beratungsjournal.net\/wp-content\/uploads\/2025\/12\/rehn_ababneh.pdf <\/a><\/p>\n<div class=\"page\" title=\"Page 1\">\n<div class=\"layoutArea\">\n<div class=\"column\">\n<p><strong>Zusammenfassung<\/strong><br \/>\nDas \u201eVR-Beratungstraining f\u00fcr die Soziale Arbeit\u201c nutzt digital simulierte Beratungsszenarien, die auf dem klassischen Rollenspiel im Studium der Sozialen Arbeit basieren. Mit KI-basierten, generativen Klient*innen-Avataren wird eine authentische und herausfordernde Beratungssituation erzeugt. Die Studierenden erleben die virtuellen Klientinnen und Klienten mit individuellen Biografien, Charakteren und authentischen Reaktionen. Diese immersive Methode zielt darauf ab, typische Hemmnisse in der Beratungspraxis zu senken und durch wiederholbare Simulationen Beratungskompetenzen zu f\u00f6rdern. Der Beitrag diskutiert die methodische Umsetzung, die Vorteile gegen\u00fcber herk\u00f6mmlichen analogen Rollenspielen und die Herausforderungen in Bezug auf Bias und VR-Sickness.<\/p>\n<p style=\"font-weight: 400;\"><strong>Schl\u00fcsselw\u00f6rter<br \/>\n<\/strong>VR-Beratungstraining, Soziale Arbeit, generative KI, Large Language Model, virtuelle Realit\u00e4t, Beratungskompetenz<\/p>\n<p style=\"font-weight: 400;\"><strong>Abstract<br \/>\n<\/strong>\u201cVR counselling training for social work\u201d uses digitally simulated counselling scenarios based on classic role-playing in social work studies. AI-based, generative client avatars are used to create an authentic and challenging counselling situation. The students experience the virtual clients with individual biographies, characters and authentic reactions. This immersive method aims to reduce typical barriers in counselling practice and to promote counselling skills through repeatable simulations. The article discusses the methodological implementation, the advantages over conventional analogue role-playing games and the challenges in terms of bias and VR sickness.<\/p>\n<p style=\"font-weight: 400;\"><strong>Keywords<br \/>\n<\/strong>VR counselling training, social work, generative AI, large language model, virtual reality, counselling skills<\/p>\n<\/div>\n<\/div>\n<\/div>","protected":false},"excerpt":{"rendered":"<p>Rehn, J. &amp; Ababneh, S. (2025). VR-Beratungstraining in der Sozialen Arbeit. e-beratungsjournal.net \u2013 Zeitschrift f\u00fcr Online-Beratung und computervermittelte Kommunikation, 21(1), 28-36. DOI: https:\/\/doi.org\/10.48341\/7cyy-k583 PDF: http:\/\/www.e-beratungsjournal.net\/wp-content\/uploads\/2025\/12\/rehn_ababneh.pdf Zusammenfassung Das \u201eVR-Beratungstraining f\u00fcr die Soziale Arbeit\u201c nutzt digital simulierte<\/p>\n","protected":false},"author":1,"featured_media":0,"parent":0,"menu_order":0,"comment_status":"closed","ping_status":"closed","template":"","meta":{"footnotes":""},"class_list":["post-1723","page","type-page","status-publish","hentry"],"_links":{"self":[{"href":"https:\/\/www.e-beratungsjournal.net\/index.php?rest_route=\/wp\/v2\/pages\/1723","targetHints":{"allow":["GET"]}}],"collection":[{"href":"https:\/\/www.e-beratungsjournal.net\/index.php?rest_route=\/wp\/v2\/pages"}],"about":[{"href":"https:\/\/www.e-beratungsjournal.net\/index.php?rest_route=\/wp\/v2\/types\/page"}],"author":[{"embeddable":true,"href":"https:\/\/www.e-beratungsjournal.net\/index.php?rest_route=\/wp\/v2\/users\/1"}],"replies":[{"embeddable":true,"href":"https:\/\/www.e-beratungsjournal.net\/index.php?rest_route=%2Fwp%2Fv2%2Fcomments&post=1723"}],"version-history":[{"count":3,"href":"https:\/\/www.e-beratungsjournal.net\/index.php?rest_route=\/wp\/v2\/pages\/1723\/revisions"}],"predecessor-version":[{"id":1753,"href":"https:\/\/www.e-beratungsjournal.net\/index.php?rest_route=\/wp\/v2\/pages\/1723\/revisions\/1753"}],"wp:attachment":[{"href":"https:\/\/www.e-beratungsjournal.net\/index.php?rest_route=%2Fwp%2Fv2%2Fmedia&parent=1723"}],"curies":[{"name":"wp","href":"https:\/\/api.w.org\/{rel}","templated":true}]}}