{"id":202,"date":"2014-11-14T22:36:01","date_gmt":"2014-11-14T20:36:01","guid":{"rendered":"http:\/\/www.e-beratungsjournal.net\/wp\/?page_id=202"},"modified":"2014-11-14T22:36:01","modified_gmt":"2014-11-14T20:36:01","slug":"9-jahrgang-heft-2-oktober-2013","status":"publish","type":"page","link":"https:\/\/www.e-beratungsjournal.net\/?page_id=202","title":{"rendered":"9. Jahrgang, Heft 2 \u2013 Oktober 2013"},"content":{"rendered":"<p class=\"paragraph_style_6\">Stefan K\u00fchne &amp; Gerhard Hintenberger: Editorial<br \/>\n<a class=\"class4\" title=\"http:\/\/www.e-beratungsjournal.net\/ausgabe_0213\/editorial.pdf\" href=\"http:\/\/www.e-beratungsjournal.net\/ausgabe_0213\/editorial.pdf\"><span class=\"Ohne\">Artikel PDF<\/span><\/a><br \/>\n<span class=\"style_4\"><br \/>\n<\/span>Thomas Berger, Timo Stolz &amp; Ava Schulz: Internetbasierte geleitete Selbsthilfeans\u00e4tze bei Angstst\u00f6rungen und Depressionen<br \/>\n<a class=\"class5\" title=\"http:\/\/www.e-beratungsjournal.net\/ausgabe_0213\/berger_stolz_schulz.pdf\" href=\"http:\/\/www.e-beratungsjournal.net\/ausgabe_0213\/berger_stolz_schulz.pdf\"><span class=\"Ohne\">Artikel PDF<\/span><\/a><\/p>\n<p>J\u00f6rg Heeren &amp; Andreas Grau: Analyseinstrumente zur Pru\u0308fung der Konzepttreue einer Online-Beratung<br \/>\n<a class=\"class6\" title=\"http:\/\/www.e-beratungsjournal.net\/ausgabe_0213\/heeren_grau.pdf\" href=\"http:\/\/www.e-beratungsjournal.net\/ausgabe_0213\/heeren_grau.pdf\"><span class=\"Ohne\">Artikel PDF<\/span><\/a><\/p>\n<p class=\"paragraph_style_7\">Klaus Fieseler: Der Elch im Wohnzimmer \u2013 Themenchats fu\u0308r Jugendliche aus suchtbelasteten Familien<span class=\"style_1\"><br \/>\n<\/span><a class=\"class7\" title=\"http:\/\/www.e-beratungsjournal.net\/ausgabe_0213\/fieseler.pdf\" href=\"http:\/\/www.e-beratungsjournal.net\/ausgabe_0213\/fieseler.pdf\"><span class=\"Ohne\">Artikel PDF<\/span><span class=\"Ohne\"><\/p>\n<p><\/span><\/a>Emily M. Engelhardt &amp; Stefanie D. Storch: Was ist Onlineberatung? &#8211;\u00a0 Versuch einer systematischen begrifflichen Einordnung der \u201aBeratung im Internet\u2018<br \/>\n<a class=\"class8\" title=\"http:\/\/www.e-beratungsjournal.net\/ausgabe_0213\/engelhardt_storch.pdf\" href=\"http:\/\/www.e-beratungsjournal.net\/ausgabe_0213\/engelhardt_storch.pdf\"><span class=\"style_7\">Artikel PDF<\/span><span class=\"style_7\"><br \/>\n<\/span><\/a><span class=\"style_9\"><br \/>\nMarc Weinhardt: Beratung im Internet \u2013 Theoriebautechnische Fragen an eine nicht mehr so neue Hilfeform<br \/>\n<\/span><a class=\"class9\" title=\"http:\/\/www.e-beratungsjournal.net\/ausgabe_0213\/weinhardt.pdf\" href=\"http:\/\/www.e-beratungsjournal.net\/ausgabe_0213\/weinhardt.pdf\"><span class=\"style_7\">Artikel PDF<\/span><span class=\"style_7\"><br \/>\n<\/span><\/a><span class=\"style_9\"><br \/>\nAnne-Katrin St\u00f6rr: \u201eIhr seid meine letzte Hoffnung\u201c &#8211; Die Wirkung und Nachhaltigkeit der Online-Beratung fu\u0308r junge Menschen am Beispiel<br \/>\n[U25]-Freiburg<br \/>\n<\/span><a class=\"class10\" title=\"http:\/\/www.e-beratungsjournal.net\/ausgabe_0213\/stoerr.pdf\" href=\"http:\/\/www.e-beratungsjournal.net\/ausgabe_0213\/stoerr.pdf\"><span class=\"style_7\">Artikel PDF<\/span><span class=\"style_7\"><br \/>\n<\/span><\/a><span class=\"style_9\"><br \/>\nOffener Brief des Institut f\u00fcr E-Beratung der Fakult\u00e4t Sozialwissenschaften der Technischen Hochschule N\u00fcrnberg Georg-Simon-Ohm und der Deutschsprachigen Gesellschaft f\u00fcr psychosoziale Online-Beratung (DGOB) e. V.\u00a0 zur Sicherstellung des gesetzlich verankerten Schutzes der informationellen Selbstbestimmung und des Grundrechts auf Vertraulichkeit und Integrit\u00e4t informationstechnischer Systeme<br \/>\n<\/span><a class=\"class11\" title=\"http:\/\/www.e-beratungsjournal.net\/ausgabe_0213\/offener_brief.pdf\" href=\"http:\/\/www.e-beratungsjournal.net\/ausgabe_0213\/offener_brief.pdf\"><span class=\"style_7\">Artikel PDF<\/span><\/a><\/p>","protected":false},"excerpt":{"rendered":"<p>Stefan K\u00fchne &amp; Gerhard Hintenberger: Editorial Artikel PDF Thomas Berger, Timo Stolz &amp; Ava Schulz: Internetbasierte geleitete Selbsthilfeans\u00e4tze bei Angstst\u00f6rungen und Depressionen Artikel PDF J\u00f6rg Heeren &amp; Andreas Grau: Analyseinstrumente zur Pru\u0308fung der Konzepttreue einer<\/p>\n","protected":false},"author":1,"featured_media":0,"parent":0,"menu_order":0,"comment_status":"closed","ping_status":"closed","template":"","meta":{"footnotes":""},"class_list":["post-202","page","type-page","status-publish","hentry"],"_links":{"self":[{"href":"https:\/\/www.e-beratungsjournal.net\/index.php?rest_route=\/wp\/v2\/pages\/202","targetHints":{"allow":["GET"]}}],"collection":[{"href":"https:\/\/www.e-beratungsjournal.net\/index.php?rest_route=\/wp\/v2\/pages"}],"about":[{"href":"https:\/\/www.e-beratungsjournal.net\/index.php?rest_route=\/wp\/v2\/types\/page"}],"author":[{"embeddable":true,"href":"https:\/\/www.e-beratungsjournal.net\/index.php?rest_route=\/wp\/v2\/users\/1"}],"replies":[{"embeddable":true,"href":"https:\/\/www.e-beratungsjournal.net\/index.php?rest_route=%2Fwp%2Fv2%2Fcomments&post=202"}],"version-history":[{"count":1,"href":"https:\/\/www.e-beratungsjournal.net\/index.php?rest_route=\/wp\/v2\/pages\/202\/revisions"}],"predecessor-version":[{"id":203,"href":"https:\/\/www.e-beratungsjournal.net\/index.php?rest_route=\/wp\/v2\/pages\/202\/revisions\/203"}],"wp:attachment":[{"href":"https:\/\/www.e-beratungsjournal.net\/index.php?rest_route=%2Fwp%2Fv2%2Fmedia&parent=202"}],"curies":[{"name":"wp","href":"https:\/\/api.w.org\/{rel}","templated":true}]}}