{"id":46,"date":"2014-11-08T22:50:22","date_gmt":"2014-11-08T20:50:22","guid":{"rendered":"http:\/\/www.e-beratungsjournal.net\/wordpress\/?page_id=46"},"modified":"2021-01-09T23:17:40","modified_gmt":"2021-01-09T21:17:40","slug":"konzept","status":"publish","type":"page","link":"https:\/\/www.e-beratungsjournal.net\/?page_id=46","title":{"rendered":"Konzept"},"content":{"rendered":"<p class=\"paragraph_style_3\" style=\"text-align: justify;\">Das e-beratungsjournal.net versteht sich als interdisziplin\u00e4res, deutsch-sprachiges Informations- und Diskussionsforum sowie als Ver\u00f6ffentlichungs-plattform f\u00fcr Beitr\u00e4ge, die sich mit Theorie und Praxis von Onlineberatung und computervermittelter Kommunikation befassen.<\/p>\n<p class=\"paragraph_style_3\" style=\"text-align: justify;\">Besondere Schwerpunkte bilden dabei die Bereiche Methodenentwicklung, Wirkfaktoren, Evaluierung, \u00f6konomische und juristische Aspekte, Praxis-berichte sowie aktuelle Tendenzen in der E-Beratung. Die Zeitschrift l\u00e4dt zu unterschiedlichen Ans\u00e4tzen, Blickwinkeln und Herangehensweisen an ein Thema ein. Alle eingereichten Artikel werden im Peer-Review-Verfahren begutachtet.<\/p>\n<p class=\"paragraph_style_3\" style=\"text-align: justify;\">F\u00fcr die Einreichung von Beitr\u00e4gen nutzen Sie unseren <a href=\"http:\/\/www.e-beratungsjournal.net\/wp\/files\/call.pdf\" target=\"_blank\" rel=\"noopener\">Call<\/a>.<\/p>\n<p class=\"paragraph_style_4\" style=\"text-align: justify;\">Das e-beratungsjournal.net ist eine Open Access-Ver\u00f6ffentlichung auf der Grundlage der \u201eBerliner Erkl\u00e4rung \u00fcber den offenen Zugang zu wissen-schaftlichem Wissen\u201c vom 22. Oktober 2003. Der Wortlaut der g\u00fcltigen Fassung ist ungek\u00fcrzt verf\u00fcgbar unter: <a class=\"class1\" title=\"http:\/\/oa.mpg.de\/openaccess-berlin\/Berliner_Erklaerung_dt_Version_07-2006.pdf\" href=\"http:\/\/oa.mpg.de\/openaccess-berlin\/Berliner_Erklaerung_dt_Version_07-2006.pdf\" target=\"_blank\" rel=\"noopener\">http:\/\/oa.mpg.de<\/a><\/p>\n<p><span class=\"\">Seit 2010 ist das <em>e-beratungsjournal.net<\/em> langzeitarchiviert und mit dem\u00a0<\/span><a class=\"class5\" title=\"http:\/\/www.sparceurope.org\/\" href=\"http:\/\/www.sparceurope.org\/\" target=\"_blank\" rel=\"noopener\">SPARC Europe Siegel\u00a0<\/a><span class=\"\">f\u00fcr Open Access Journale ausgezeichnet.<\/span><span class=\"\" style=\"color: #353535; font-family: Roboto, arial, helvetica, sans-serif;\"><span class=\"\">\u201c<\/span><\/span><\/p>\n<p class=\"paragraph_style_3\" style=\"text-align: justify;\">Das e-beratungsjournal.net ist in folgenden Datenbanken gelistet:<\/p>\n<ul style=\"text-align: justify;\">\n<li class=\"full-width\">\n<p class=\"paragraph_style_5\"><a class=\"class3\" title=\"http:\/\/rzblx1.uni-regensburg.de\/ezeit\/\" href=\"http:\/\/rzblx1.uni-regensburg.de\/ezeit\/\" target=\"_blank\" rel=\"noopener\">Elektronischen Zeitschriftenbibliothek (EZB)<\/a><\/p>\n<\/li>\n<li class=\"full-width\">\n<p class=\"paragraph_style_5\"><a class=\"class4\" title=\"http:\/\/www.zpid.de\/index.php?wahl=PSYNDEX\" href=\"http:\/\/www.zpid.de\/index.php?wahl=PSYNDEX\" target=\"_blank\" rel=\"noopener\">Psyndex (ZPID)<\/a><\/p>\n<\/li>\n<\/ul>\n<p class=\"paragraph_style_6\" style=\"text-align: justify;\">Seit 2010 ist das e-beratungsjournal.net langzeitarchiviert und mit dem <a class=\"class5\" title=\"http:\/\/www.sparceurope.org\/\" href=\"http:\/\/www.sparceurope.org\/\" target=\"_blank\" rel=\"noopener\">SPARC Europe Siegel <\/a>f\u00fcr Open Access Journale ausgezeichnet.<\/p>","protected":false},"excerpt":{"rendered":"<p>Das e-beratungsjournal.net versteht sich als interdisziplin\u00e4res, deutsch-sprachiges Informations- und Diskussionsforum sowie als Ver\u00f6ffentlichungs-plattform f\u00fcr Beitr\u00e4ge, die sich mit Theorie und Praxis von Onlineberatung und computervermittelter Kommunikation befassen. Besondere Schwerpunkte bilden dabei die Bereiche Methodenentwicklung, Wirkfaktoren,<\/p>\n","protected":false},"author":1,"featured_media":0,"parent":0,"menu_order":0,"comment_status":"closed","ping_status":"closed","template":"","meta":{"footnotes":""},"class_list":["post-46","page","type-page","status-publish","hentry"],"_links":{"self":[{"href":"https:\/\/www.e-beratungsjournal.net\/index.php?rest_route=\/wp\/v2\/pages\/46","targetHints":{"allow":["GET"]}}],"collection":[{"href":"https:\/\/www.e-beratungsjournal.net\/index.php?rest_route=\/wp\/v2\/pages"}],"about":[{"href":"https:\/\/www.e-beratungsjournal.net\/index.php?rest_route=\/wp\/v2\/types\/page"}],"author":[{"embeddable":true,"href":"https:\/\/www.e-beratungsjournal.net\/index.php?rest_route=\/wp\/v2\/users\/1"}],"replies":[{"embeddable":true,"href":"https:\/\/www.e-beratungsjournal.net\/index.php?rest_route=%2Fwp%2Fv2%2Fcomments&post=46"}],"version-history":[{"count":11,"href":"https:\/\/www.e-beratungsjournal.net\/index.php?rest_route=\/wp\/v2\/pages\/46\/revisions"}],"predecessor-version":[{"id":1272,"href":"https:\/\/www.e-beratungsjournal.net\/index.php?rest_route=\/wp\/v2\/pages\/46\/revisions\/1272"}],"wp:attachment":[{"href":"https:\/\/www.e-beratungsjournal.net\/index.php?rest_route=%2Fwp%2Fv2%2Fmedia&parent=46"}],"curies":[{"name":"wp","href":"https:\/\/api.w.org\/{rel}","templated":true}]}}