{"id":513,"date":"2018-05-25T09:18:09","date_gmt":"2018-05-25T07:18:09","guid":{"rendered":"http:\/\/www.e-beratungsjournal.net\/?page_id=513"},"modified":"2023-06-27T09:23:43","modified_gmt":"2023-06-27T07:23:43","slug":"impressum-2","status":"publish","type":"page","link":"https:\/\/www.e-beratungsjournal.net\/?page_id=513","title":{"rendered":"Datenschutzerkl\u00e4rung"},"content":{"rendered":"<p class=\"paragraph_style_3\"><strong>Datenschutzerkl\u00e4rung:<\/strong><\/p>\n<p><strong>1. Rechtsgrundlage <\/strong><\/p>\n<p><strong>1.1. <\/strong>Die EU-Datenschutz-Grundverordnung, das Datenschutzgesetz 2000 sowie das Daten-schutz-Anpassungsgesetz 2018 dienen dem Recht auf Schutz personenbezogener Daten. Wir verarbeiten Ihre Daten ausschlie\u00dflich auf Grundlage der gesetzlichen Bestimmungen (DSGVO, DSG 2018, TKG 2003).<\/p>\n<p><strong>2. Grunds\u00e4tzliches <\/strong><\/p>\n<p><strong>2.1. <\/strong>Verantwortlich sind die Herausgeber des e-beratungsjournal.net:<\/p>\n<p class=\"paragraph_style_4\">Stefan K\u00fchne<br \/>\nNu\u00dfdorfer Stra\u00dfe 52\/6-7<br \/>\nA-1090 Wien<br \/>\n<a title=\"mailto:redaktion@e-beratungsjournal.net\" href=\"mailto:redaktion@e-beratungsjournal.net\">redaktion@e-beratungsjournal.net<\/a><span class=\"style_3\"><br \/>\n<\/span><\/p>\n<p class=\"paragraph_style_4\">Mag. Gerhard Hintenberger<br \/>\nRingstra\u00dfe 48<br \/>\nA-3500 Krems<br \/>\n<a title=\"mailto:redaktion@e-beratungsjournal.net\" href=\"mailto:redaktion@e-beratungsjournal.net\">redaktion@e-beratungsjournal.net<\/a><\/p>\n<p><strong>2.2. <\/strong>Uns ist es ein besonderes Anliegen, alle personenbezogenen Daten, die Sie uns anvertrauen, zu sch\u00fctzen und sicher zu verwahren. In diesem Dokument erfahren Sie mehr dar\u00fcber, wie wir Ihre personenbezogenen Daten verwenden und verarbeiten.<\/p>\n<p><strong>2.3. <\/strong>Die Homepage ver\u00f6ffentlicht Artikel der Zeitschrift \u201ee-beratungsjournal.net\u201c. Das e-beratungsjournal versteht sich als interdisziplin\u00e4res, deutsch-sprachiges Informationsforum sowie als Ver\u00f6ffentlichungsplattform f\u00fcr Beitr\u00e4ge, die sich mit Theorie und Praxis von Onlineberatung und computervermittelter Kommunikation befassen.<\/p>\n<p><strong>3. Zweckbindung, Rechtsgrundlage, Speicherdauer sowie Datenempf\u00e4nger<\/strong><\/p>\n<p><strong>3.1. <\/strong>Personenbezogene Daten werden ohne Ihre Einverst\u00e4ndniserkl\u00e4rung nicht erhoben. Personenbezogene Daten ben\u00f6tigen wir zum Versenden des Newsletters und zum Beantworten von Anfragen, die Sie \u00fcber unsere E-Mailkontaktadresse an uns gestellt haben. Liegt eine Einwilligung vor, werden diese Daten zu oben genanntem Zweck erhoben, gespeichert, verarbeitet und genutzt.<\/p>\n<p><strong>3.2. <\/strong>Die rechtlichen Grundlagen f\u00fcr die Verarbeitung von Ihren personenbezogenen Daten sind Ihre Einwilligung (<em>Verwenden unserer E-Mailkontaktadresse, Newsletter<\/em>).<\/p>\n<p><strong>3.3. <\/strong>Wir verarbeiten Ihre personenbezogenen Daten nur soweit erforderlich, solange Sie Ihre Einwilligung f\u00fcr die Zusendung des Newsletters aufrecht erhalten sowie dar\u00fcber hinaus gem\u00e4\u00df den gesetzlichen Aufbewahrungs- und Dokumentationspflichten. Danach werden alle Daten gel\u00f6scht, sofern die Daten nicht zur Geltendmachung, Aus\u00fcbung oder Vermeidung von Rechtsanspr\u00fcchen ben\u00f6tigt werden.<\/p>\n<p><strong>3.4. <\/strong>Im Rahmen der Betreibung unserer Websites beauftragen wir 1&amp;1 Internet SE, Eigendorferstra\u00dfe 57, D-56410 Montabaur, die im Zuge ihrer T\u00e4tigkeiten Zugriff auf Ihre personenbezogenen Daten erlangen k\u00f6nnen, sofern diese die Daten zur Erf\u00fcllung ihrer jeweiligen Leistung ben\u00f6tigen. Diese haben sich zur Einhaltung der geltenden datenschutzrechtlichen Bestimmungen uns gegen\u00fcber verpflichtet. Es wurden Auftragsverarbeitungsvertr\u00e4ge gem\u00e4\u00df Art 28 DSGVO abgeschlossen.<\/p>\n<p><strong>4. Kontakt-E-Mail<\/strong><\/p>\n<p><strong>4.1. <\/strong>Ihre Angaben inklusive pers\u00f6nlicher Daten, die Sie \u00fcber unsere Kontakt-E-Mailadresse an uns \u00fcbermitteln, werden zur Bearbeitung Ihrer Anfrage weiterverarbeitet und bei uns gespeichert. Nach Beantwortung der Anfrage werden diese Daten gel\u00f6scht. Diese Daten werden ohne Ihre Einverst\u00e4ndniserkl\u00e4rung nicht erhoben oder weitergegeben. Ohne diese Daten k\u00f6nnen wir Ihre Anfragen nicht bearbeiten.<\/p>\n<p><strong>4.2. <\/strong>Die Datenverarbeitung erfolgt auf Basis der gesetzlichen Bestimmungen des \u00a7 96 Abs 3 TKG sowie des Art 6 Abs 1 lit a (Einwilligung) DSGVO.<\/p>\n<p><strong>5. Newsletter <\/strong><\/p>\n<p><strong>5.1. <\/strong>Wenn Sie den auf der Webseite angebotenen Newsletter beziehen m\u00f6chten, ben\u00f6tigen wir von Ihnen eine E-Mail-Adresse sowie Informationen, welche uns die \u00dcberpr\u00fcfung gestatten, dass Sie der Inhaber der angegebenen E-Mail-Adresse und mit dem Empfang des Newsletters einverstanden sind. Zur Gew\u00e4hrleistung einer einverst\u00e4ndlichen Newsletter-Versendung nutzen wir das sogenannte Double-Opt-in-Verfahren. Im Zuge dessen l\u00e4sst sich der potentielle Empf\u00e4nger in einen Verteiler aufnehmen. Anschlie\u00dfend erh\u00e4lt der Nutzer durch eine Best\u00e4tigungs-E-Mail die M\u00f6glichkeit, die Anmeldung rechtssicher zu best\u00e4tigen. Nur wenn die Best\u00e4tigung erfolgt, wird die Adresse aktiv in den Verteiler aufgenommen. Diese Daten verwenden wir ausschlie\u00dflich f\u00fcr den Versand der angeforderten Informationen und Angebote.<\/p>\n<p>Die erteilte Einwilligung zur Speicherung der Daten, der E-Mail-Adresse sowie deren Nutzung zum Versand des Newsletters k\u00f6nnen Sie jederzeit widerrufen, etwa \u00fcber den &#8222;Abmelden&#8220;-Link im Newsletter.<\/p>\n<p><strong>5.2. <\/strong>F\u00fcr den Versand unseres Newsletters beauftragen wir einen Auftragsverarbeiter. Diese haben sich zur Einhaltung der geltenden datenschutzrechtlichen Bestimmungen uns gegen\u00fcber verpflichtet. Es wurde zu diesem Zweck ein Auftragsverarbeitungsvertrag gem\u00e4\u00df Art 28 DSGVO mit &amp;1 Internet SE, Eigendorferstra\u00dfe 57, D-56410 Montabaur abgeschlossen.<\/p>\n<p><strong>5.3. <\/strong>Die Datenverarbeitung erfolgt auf Basis der gesetzlichen Bestimmungen des \u00a7 96 Abs 3 TKG sowie des Art 6 Abs 1 lit a (Einwilligung) DSGVO.<\/p>\n<p><strong>6. Cookies, 1&amp;1 WebAnalytics<\/strong><\/p>\n<p><strong>6.1. <\/strong>Wir nutzen Cookies dazu, unser Angebot nutzerfreundlich zu gestalten. Cookies sind kleine Textinformationen, die eine Wiedererkennung des Nutzers und eine Analyse Ihrer Nutzung unserer Websites m\u00f6glich machen. Die dadurch erzeugten Informationen werden auf den Server des Anbieters \u00fcbertragen und dort gespeichert. Zudem dienen Cookies zur allgemeinen Navigation.<\/p>\n<p><strong>6.2. <\/strong>Durch die Nutzung unserer Website willigen Sie damit ein, dass wir Cookies setzen. Sie k\u00f6nnen in Ihren Browsereinstellungen die Annahme von Cookies verweigern. Wie dies im Einzelnen funktioniert, entnehmen Sie bitte der Anleitung Ihres Browser-Herstellers. Wenn Sie sich gegen bestimmte technische und\/oder funktionelle Cookies entscheiden, k\u00f6nnte die Funktionalit\u00e4t unserer Website eventuell eingeschr\u00e4nkt werden. Einige Cookies bleiben auf Ihrem Endger\u00e4t gespeichert, bis Sie diese l\u00f6schen.<\/p>\n<p><strong>6.3. <\/strong>Um Informationen \u00fcber H\u00e4ufigkeit, etc. der Homepageaufrufe zu bekommen, nutzen wir das Tool \u201e1&amp;1 WebAnalytics\u201c. Zum Schutz von personenbezogenen Daten verwendet 1&amp;1 WebAnalytics keine Cookies. Zus\u00e4tzlich werden IP-Adresse und Browserkennung anonymisiert gespeichert, damit keine R\u00fcckschl\u00fcsse auf die einzelnen Besucher gezogen werden k\u00f6nnen.<\/p>\n<p><strong>6.4. <\/strong>Die Datenverarbeitung erfolgt auf Basis der gesetzlichen Bestimmungen des \u00a7 96 Abs 3 TKG sowie des Art 6 DSGVO (insbesondere Einwilligung).<\/p>\n<p><strong>7. Suchmaschine<\/strong><\/p>\n<p><strong>7.1.<\/strong>\u00a0Zum Durchsuchen der Homepage ist die Suchmaschine Duck Duck go eingebunden.Duck Duck go speichert weder pers\u00f6nliche Daten noch den Suchverlauf. Die Privacy-Erkl\u00e4rung dieser Suchmaschine finden Sie hier:\u00a0\u00a0<a href=\"https:\/\/duckduckgo.com\/privacy\" target=\"_blank\" rel=\"noopener\">https:\/\/duckduckgo.com\/privacy.<\/a><\/p>\n<p><strong>8. Einwilligung und Recht auf Widerruf <\/strong><\/p>\n<p><strong>8.1. <\/strong>Ist f\u00fcr die Verarbeitung Ihrer Daten Ihre Zustimmung notwendig, verarbeiten wir diese erst nach Ihrer ausdr\u00fccklichen Zustimmung.<\/p>\n<p><strong>8.2. <\/strong>Grunds\u00e4tzlich verarbeiten wir keine Daten minderj\u00e4hriger Personen und sind dazu auch nicht befugt. Mit der Abgabe Ihrer Zustimmung best\u00e4tigen Sie, dass Sie das 14. Lebensjahr vollendet haben oder die Zustimmung Ihres gesetzlichen Vertreters vorliegt.<\/p>\n<p><strong>8.3. <\/strong>Ihre Zustimmung k\u00f6nnen Sie jederzeit unter folgender E-Mail Adresse widerrufen: <a href=\"mailto:redaktion@e-beratungsjournal.net\">redaktion@e-beratungsjournal.net<\/a>. In einem solchen Fall werden die bisher \u00fcber Sie gespeicherten Daten anonymisiert und in weiterer Folge lediglich f\u00fcr statistische Zwecke ohne Personenbezug weiter verwendet. Mittels des Widerrufs der Zustimmung wird die Rechtm\u00e4\u00dfigkeit der aufgrund der Zustimmung bis zum Widerruf erfolgten Verarbeitung nicht ber\u00fchrt.<\/p>\n<p><strong>9. Ihre Rechte <\/strong><\/p>\n<p><strong>9.1. <\/strong>Sie haben jederzeit das Recht auf Auskunft \u00fcber die betreffenden personenbezogenen Daten.<\/p>\n<p>Soweit keine gesetzliche Aufbewahrungspflicht besteht, haben Sie das Recht auf L\u00f6schung dieser Daten sowie Widerspruch gegen die Verarbeitung. Ferner haben Sie das Recht auf Berichtigung der Daten sowie auf Einschr\u00e4nkung der Verarbeitung, auf Daten\u00fcbertragbarkeit sowie auf Beschwerde bei der \u00d6sterreichischen Datenschutzbeh\u00f6rde (Wickenburggasse 8-10, 1080 Wien, E-Mail: <a href=\"mailto:dsb@dsb.gv.at\">dsb@dsb.gv.at<\/a>).<\/p>\n<p><strong>9.2. <\/strong>Wenden Sie sich bez\u00fcglich Ihrer Rechte bitte an uns unter <a href=\"mailto:redaktion@e-beratungsjournal.net\">redaktion@e-beratungsjournal.net<\/a> \u00a0oder schreiben Sie an:<\/p>\n<p>Gerhard Hintenberger<br \/>\nRingstra\u00dfe 48<br \/>\n3500 Krems<\/p>\n<p>Stefan K\u00fchne<br \/>\nNu\u00dfdorfer Stra\u00dfe 52\/6-7<br \/>\nA-1090 Wien<\/p>","protected":false},"excerpt":{"rendered":"<p>Datenschutzerkl\u00e4rung: 1. Rechtsgrundlage 1.1. Die EU-Datenschutz-Grundverordnung, das Datenschutzgesetz 2000 sowie das Daten-schutz-Anpassungsgesetz 2018 dienen dem Recht auf Schutz personenbezogener Daten. Wir verarbeiten Ihre Daten ausschlie\u00dflich auf Grundlage der gesetzlichen Bestimmungen (DSGVO, DSG 2018, TKG 2003).<\/p>\n","protected":false},"author":1,"featured_media":0,"parent":0,"menu_order":0,"comment_status":"closed","ping_status":"closed","template":"","meta":{"footnotes":""},"class_list":["post-513","page","type-page","status-publish","hentry"],"_links":{"self":[{"href":"https:\/\/www.e-beratungsjournal.net\/index.php?rest_route=\/wp\/v2\/pages\/513","targetHints":{"allow":["GET"]}}],"collection":[{"href":"https:\/\/www.e-beratungsjournal.net\/index.php?rest_route=\/wp\/v2\/pages"}],"about":[{"href":"https:\/\/www.e-beratungsjournal.net\/index.php?rest_route=\/wp\/v2\/types\/page"}],"author":[{"embeddable":true,"href":"https:\/\/www.e-beratungsjournal.net\/index.php?rest_route=\/wp\/v2\/users\/1"}],"replies":[{"embeddable":true,"href":"https:\/\/www.e-beratungsjournal.net\/index.php?rest_route=%2Fwp%2Fv2%2Fcomments&post=513"}],"version-history":[{"count":5,"href":"https:\/\/www.e-beratungsjournal.net\/index.php?rest_route=\/wp\/v2\/pages\/513\/revisions"}],"predecessor-version":[{"id":1514,"href":"https:\/\/www.e-beratungsjournal.net\/index.php?rest_route=\/wp\/v2\/pages\/513\/revisions\/1514"}],"wp:attachment":[{"href":"https:\/\/www.e-beratungsjournal.net\/index.php?rest_route=%2Fwp%2Fv2%2Fmedia&parent=513"}],"curies":[{"name":"wp","href":"https:\/\/api.w.org\/{rel}","templated":true}]}}