{"id":539,"date":"2018-08-26T08:42:02","date_gmt":"2018-08-26T06:42:02","guid":{"rendered":"http:\/\/www.e-beratungsjournal.net\/?page_id=539"},"modified":"2022-02-02T23:16:39","modified_gmt":"2022-02-02T21:16:39","slug":"konzept-2-2","status":"publish","type":"page","link":"https:\/\/www.e-beratungsjournal.net\/?page_id=539","title":{"rendered":"Hinweise f\u00fcr Autor*innen"},"content":{"rendered":"<p><strong>Hinweise f\u00fcr Autorinnen und Autoren<\/strong><\/p>\n<p>Das e-beratungsjournal.net ist ein Open Access-Journal auf der Grundlage der \u201eBerliner Erkl\u00e4rung u\u0308ber den offenen Zugang zu wissenschaftlichem Wissen\u201c vom 22. Oktober 2003. Der Wortlaut der gu\u0308ltigen Fassung ist ungeku\u0308rzt verfu\u0308gbar unter: <a href=\"http:\/\/openaccess.mpg.de\/Berliner-Erklaerung\" target=\"_blank\" rel=\"noopener\">http:\/\/openaccess.mpg.de\/Berliner-Erklaerung<\/a>.<\/p>\n<p>Alle Nutzer*innen von e-beratungsjournal.net haben das Recht, Artikel zu lesen, herunterzuladen, zu kopieren, zu verteilen, zu drucken, zu durchsuchen und die Artikel im Volltext zu verlinken. Den Autor*innen entstehen keine Kosten, weder bei der Einreichung von Artikeln noch bei der Ver\u00f6ffentlichung. Alle Artikel werden von der Redaktion bzw. von externen Expert*innen begutachtet. Die Autor*innen erhalten vor der Ver\u00f6ffentlichung ein Feedback und gegebenenfalls \u00c4nderungsvorschl\u00e4ge. Die ver\u00f6ffentlichten Artikel stehen unter der CC BY 4.0 Lizenz (<a href=\"http:\/\/creativecommons.org\/licenses\/by\/4.0\/)\" target=\"_blank\" rel=\"noopener\">http:\/\/creativecommons.org\/licenses\/by\/4.0\/)<\/a>. Die Autor*innen sind ohne Einschr\u00e4nkungen Urheber*innen ihrer Artikel. Die Autor*innen sind frei darin, die eigenen Artikel (oder Teile davon) an anderen Orten zu publizieren. Eine Nennung des e-beratungsjournal.net als Quelle der Erstver\u00f6ffentlichung ist wu\u0308nschenswert.<\/p>\n<hr \/>\n<p>e-beratungsjournal.net is an Open Access Journal based on the \u201eBerlin Declaration on Open Access to Knowledge in the Sciences and Humanities\u201c from 22th October 2003. The full text of declaration is online available <a href=\"http:\/\/openaccess.mpg.de\/Berliner-Erklaerung\" target=\"_blank\" rel=\"noopener\">http:\/\/openaccess.mpg.de\/Berliner-Erklaerung<\/a>.<\/p>\n<p>All users of e-beratungsjournal.net have the right to read, download, copy, distribute, print, search, or link to the full texts of the articles. There are no processing charges (APCs) for authors. There are no article submission charges. All articles are reviewed by the editorial board and\/or external reviewers. All authors receive feedback from the reviewers before their article is published. All articles are provided under the CC BY 4.0 license (<a href=\"http:\/\/creativecommons.org\/licenses\/by\/4.0\/)\" target=\"_blank\" rel=\"noopener\">http:\/\/creativecommons.org\/licenses\/by\/4.0\/)<\/a>. The authors hold the corpyright of their articles without restrictions. e-beratungsjournal.net allows the authors to retain their publishing. A remark about e-beratungsjournal.net as source of the first publishing is appreciated.<\/p>","protected":false},"excerpt":{"rendered":"<p>Hinweise f\u00fcr Autorinnen und Autoren Das e-beratungsjournal.net ist ein Open Access-Journal auf der Grundlage der \u201eBerliner Erkl\u00e4rung u\u0308ber den offenen Zugang zu wissenschaftlichem Wissen\u201c vom 22. Oktober 2003. Der Wortlaut der gu\u0308ltigen Fassung ist ungeku\u0308rzt<\/p>\n","protected":false},"author":1,"featured_media":0,"parent":0,"menu_order":0,"comment_status":"closed","ping_status":"closed","template":"","meta":{"footnotes":""},"class_list":["post-539","page","type-page","status-publish","hentry"],"_links":{"self":[{"href":"https:\/\/www.e-beratungsjournal.net\/index.php?rest_route=\/wp\/v2\/pages\/539","targetHints":{"allow":["GET"]}}],"collection":[{"href":"https:\/\/www.e-beratungsjournal.net\/index.php?rest_route=\/wp\/v2\/pages"}],"about":[{"href":"https:\/\/www.e-beratungsjournal.net\/index.php?rest_route=\/wp\/v2\/types\/page"}],"author":[{"embeddable":true,"href":"https:\/\/www.e-beratungsjournal.net\/index.php?rest_route=\/wp\/v2\/users\/1"}],"replies":[{"embeddable":true,"href":"https:\/\/www.e-beratungsjournal.net\/index.php?rest_route=%2Fwp%2Fv2%2Fcomments&post=539"}],"version-history":[{"count":4,"href":"https:\/\/www.e-beratungsjournal.net\/index.php?rest_route=\/wp\/v2\/pages\/539\/revisions"}],"predecessor-version":[{"id":1404,"href":"https:\/\/www.e-beratungsjournal.net\/index.php?rest_route=\/wp\/v2\/pages\/539\/revisions\/1404"}],"wp:attachment":[{"href":"https:\/\/www.e-beratungsjournal.net\/index.php?rest_route=%2Fwp%2Fv2%2Fmedia&parent=539"}],"curies":[{"name":"wp","href":"https:\/\/api.w.org\/{rel}","templated":true}]}}