{"id":565,"date":"2019-01-12T13:34:50","date_gmt":"2019-01-12T11:34:50","guid":{"rendered":"http:\/\/www.e-beratungsjournal.net\/?page_id=565"},"modified":"2019-01-12T13:34:50","modified_gmt":"2019-01-12T11:34:50","slug":"14-jahrgang-2018-heft-2-2","status":"publish","type":"page","link":"https:\/\/www.e-beratungsjournal.net\/?page_id=565","title":{"rendered":"14. Jahrgang (2018), Heft 2"},"content":{"rendered":"<p style=\"text-align: justify;\">\n<p><strong>Artikel:<\/strong><\/p>\n<p class=\"p1\">Michaela Wildauer &amp; Jennifer Apolin\u00e1rio-Hagen: Untersuchung der Wirksamkeit von psychoedukativem Informationsmaterial zur F\u00f6rderung der Akzeptanz von Gesundheits-Apps und E-Mental-Health-Angeboten zur Stressbew\u00e4ltigung im Fernstudium<br \/>\n<a style=\"line-height: 1.4em;\" href=\"http:\/\/www.e-beratungsjournal.net\/wp-content\/uploads\/2018\/07\/wildauer_apolinario-hagen.pdf\" target=\"_blank\" rel=\"noopener noreferrer\"><span class=\"Ohne\">Artikel PDF<\/span><\/a><\/p>\n<hr \/>\n<p class=\"p1\"><strong>Rezensionen:<\/strong><\/p>\n<p>Emily M. Engelhardt: Lehrbuch Onlineberatung.<br \/>\n<em>Rezensent: Gerhard Hintenberger<br \/>\n<\/em><a href=\"http:\/\/www.e-beratungsjournal.net\/wp-content\/uploads\/2018\/10\/rezension_engelhardt.pdf\" target=\"_blank\" rel=\"noopener\">Artikel PDF<\/a><\/p>\n<p class=\"p1\">","protected":false},"excerpt":{"rendered":"<p>Artikel: Michaela Wildauer &amp; Jennifer Apolin\u00e1rio-Hagen: Untersuchung der Wirksamkeit von psychoedukativem Informationsmaterial zur F\u00f6rderung der Akzeptanz von Gesundheits-Apps und E-Mental-Health-Angeboten zur Stressbew\u00e4ltigung im Fernstudium Artikel PDF Rezensionen: Emily M. Engelhardt: Lehrbuch Onlineberatung. Rezensent: Gerhard Hintenberger<\/p>\n","protected":false},"author":1,"featured_media":0,"parent":0,"menu_order":0,"comment_status":"closed","ping_status":"closed","template":"","meta":{"footnotes":""},"class_list":["post-565","page","type-page","status-publish","hentry"],"_links":{"self":[{"href":"https:\/\/www.e-beratungsjournal.net\/index.php?rest_route=\/wp\/v2\/pages\/565","targetHints":{"allow":["GET"]}}],"collection":[{"href":"https:\/\/www.e-beratungsjournal.net\/index.php?rest_route=\/wp\/v2\/pages"}],"about":[{"href":"https:\/\/www.e-beratungsjournal.net\/index.php?rest_route=\/wp\/v2\/types\/page"}],"author":[{"embeddable":true,"href":"https:\/\/www.e-beratungsjournal.net\/index.php?rest_route=\/wp\/v2\/users\/1"}],"replies":[{"embeddable":true,"href":"https:\/\/www.e-beratungsjournal.net\/index.php?rest_route=%2Fwp%2Fv2%2Fcomments&post=565"}],"version-history":[{"count":1,"href":"https:\/\/www.e-beratungsjournal.net\/index.php?rest_route=\/wp\/v2\/pages\/565\/revisions"}],"predecessor-version":[{"id":566,"href":"https:\/\/www.e-beratungsjournal.net\/index.php?rest_route=\/wp\/v2\/pages\/565\/revisions\/566"}],"wp:attachment":[{"href":"https:\/\/www.e-beratungsjournal.net\/index.php?rest_route=%2Fwp%2Fv2%2Fmedia&parent=565"}],"curies":[{"name":"wp","href":"https:\/\/api.w.org\/{rel}","templated":true}]}}