{"id":69,"date":"2014-11-09T12:40:30","date_gmt":"2014-11-09T10:40:30","guid":{"rendered":"http:\/\/www.e-beratungsjournal.net\/wordpress\/?page_id=69"},"modified":"2021-01-09T23:39:04","modified_gmt":"2021-01-09T21:39:04","slug":"impressum","status":"publish","type":"page","link":"https:\/\/www.e-beratungsjournal.net\/?page_id=69","title":{"rendered":"Impressum"},"content":{"rendered":"<p class=\"paragraph_style_3\"><strong>Offenlegung gem. \u00a7 25 MedG Medieninhaber und Herausgeber:<\/strong><\/p>\n<p class=\"paragraph_style_4\">Stefan K\u00fchne<br \/>\nNu\u00dfdorfer Stra\u00dfe 52\/6-7<br \/>\nA-1090 Wien<br \/>\n<a title=\"mailto:redaktion@e-beratungsjournal.net\" href=\"mailto:redaktion@e-beratungsjournal.net\">redaktion@e-beratungsjournal.net<\/a><span class=\"style_3\"><br \/>\n<\/span><\/p>\n<p class=\"paragraph_style_4\">Mag. Gerhard Hintenberger<br \/>\nRingstra\u00dfe 48<br \/>\nA-3500 Krems<br \/>\n<a title=\"mailto:redaktion@e-beratungsjournal.net\" href=\"mailto:redaktion@e-beratungsjournal.net\">redaktion@e-beratungsjournal.net<\/a><\/p>\n<p><strong><span class=\"style_6\">Bildquellen:<\/span><\/strong><br \/>\n\u00a9Header und Logo<span class=\"style_1\">:\u00a0<\/span><a title=\"Johnny Lye\" href=\"https:\/\/www.joh-berner.com\" target=\"_blank\" rel=\"noopener\">Johannes Berner<\/a><\/p>\n<p class=\"paragraph_style_5\" style=\"text-align: justify;\">Grundlegende Richtung: e-beratungsjournal.net ist ein unabh\u00e4ngiges wissenschaftliches Fachinformationsmedium. Ziel ist der umfassende fachliche Austausch im Bereich der Online-Beratung und computer- vermittelten Kommunikation.<\/p>\n<p><strong>Datenschutzerkl\u00e4rung<\/strong><\/p>\n<p>Hier gelangen Sie zu unserer <a href=\"http:\/\/www.e-beratungsjournal.net\/?page_id=513\">Datenschutzerkl\u00e4rung<\/a>.<\/p>\n<p class=\"paragraph_style_6\"><strong>Haftungsausschluss<\/strong><\/p>\n<p class=\"paragraph_style_7\" style=\"text-align: justify;\"><strong><span class=\"style_5\">1. Inhalt des Onlineangebotes<\/span><\/strong><br \/>\nDas e-beratungsjournal \u00fcbernimmt keinerlei Gew\u00e4hr f\u00fcr die Aktualit\u00e4t, Korrektheit, Vollst\u00e4ndigkeit oder Qualit\u00e4t der bereitgestellten Informationen. Haftungsanspr\u00fcche, welche sich auf Sch\u00e4den materieller oder ideeller Art beziehen, die durch die Nutzung oder Nichtnutzung der dargebotenen Informationen bzw. durch die Nutzung fehlerhafter und unvollst\u00e4ndiger Informationen verursacht wurden, sind grunds\u00e4tzlich ausgeschlossen, sofern seitens des e-beratungsjournal kein nachweislich vors\u00e4tzliches oder grob fahrl\u00e4ssiges Verschulden vorliegt. Alle Angebote sind freibleibend und unverbindlich. Das e-beratungsjournal beh\u00e4lt es sich ausdr\u00fccklich vor, Teile der Seiten oder das gesamte Angebot ohne gesonderte Ank\u00fcndigung zu ver\u00e4ndern, zu erg\u00e4nzen, zu l\u00f6schen oder die Ver\u00f6ffentlichung zeitweise oder endg\u00fcltig einzustellen.<\/p>\n<p class=\"paragraph_style_7\" style=\"text-align: justify;\"><strong><span class=\"style_5\">2. Verweise und Links<\/span><\/strong><br \/>\nBei direkten oder indirekten Verweisen auf fremde Webseiten (&#8222;Hyperlinks&#8220;), die au\u00dferhalb des Verantwortungsbereiches von e-beratungsjournal liegen, w\u00fcrde eine Haftungsverpflichtung ausschlie\u00dflich in dem Fall in Kraft treten, in dem das e-beratungsjournalvon den Inhalten Kenntnis hat und es ihm technisch m\u00f6glich und zumutbar w\u00e4re, die Nutzung im Falle rechtswidriger Inhalte zu verhindern. Das e-beratungsjournal.net erkl\u00e4rt hiermit ausdr\u00fccklich, dass zum Zeitpunkt der Linksetzung keine illegalen Inhalte auf den zu verlinkenden Seiten erkennbar waren. Auf die aktuelle und zuk\u00fcnftige Gestaltung, die Inhalte oder die Urheberschaft der gelinkten\/verkn\u00fcpften Seiten hat das e-beratungsjournal keinerlei Einfluss. Deshalb distanziert das e-beratungsjournal sich hiermit ausdr\u00fccklich von allen Inhalten aller gelinkten \/verkn\u00fcpften Seiten, die nach der Linksetzung ver\u00e4ndert wurden. F\u00fcr illegale, fehlerhafte oder unvollst\u00e4ndige Inhalte und insbesondere f\u00fcr Sch\u00e4den, die aus der Nutzung oder Nichtnutzung solcherart dargebotener Informationen entstehen, haftet allein der Anbieter der Seite, auf welche verwiesen wurde, nicht derjenige, der \u00fcber Links auf die jeweilige Ver\u00f6ffentlichung lediglich verweist.<\/p>\n<p class=\"paragraph_style_7\" style=\"text-align: justify;\"><strong><span class=\"style_5\">3. Urheber- und Kennzeichenrecht<\/span><\/strong><br \/>\nDas e-beratungsjournal ist bestrebt, in allen Publikationen die Urheberrechte der verwendeten Grafiken, Tondokumente, Videosequenzen und Texte zu beachten, von ihm selbst erstellte Grafiken, Tondokumente, Videosequenzen und Texte zu nutzen oder auf lizenzfreie Grafiken, Tondokumente, Videosequenzen und Texte zur\u00fcckzugreifen. Alle innerhalb des Internetangebotes genannten und ggf. durch Dritte gesch\u00fctzten Marken- und Warenzeichen unterliegen uneingeschr\u00e4nkt den Bestimmungen des jeweils g\u00fcltigen Kennzeichenrechts und den Besitzrechten der jeweiligen eingetragenen Eigent\u00fcmer. Allein aufgrund der blo\u00dfen Nennung ist nicht der Schluss zu ziehen, dass Markenzeichen nicht durch Rechte Dritter gesch\u00fctzt sind! Das Copyright f\u00fcr ver\u00f6ffentlichte, vom e-beratungsjournal selbst erstellte Objekte liegt beim e-beratungsjournal. Eine Vervielf\u00e4ltigung oder Verwendung solcher Grafiken, Tondokumente, Videosequenzen und Texte in anderen elektronischen oder gedruckten Publikationen ist ohne unsere ausdr\u00fcckliche Zustimmung nicht gestattet. Das Copyright, der auf e-beratungsjournal.net ver\u00f6ffentlichten Artikel, liegt bei den einzelnen AutorInnen. Eine Vervielf\u00e4ltigung oder oder Verwendung dieser Artikel in anderen elektronischen oder gedruckten Publikationen ist deshalb ohne Zustimmung der jeweiligen AutorInnen nicht gestattet.<\/p>\n<p class=\"paragraph_style_7\" style=\"text-align: justify;\"><strong><span class=\"style_5\">4. Rechtswirksamkeit dieses Haftungsausschlusses<\/span><\/strong><br \/>\nDieser Haftungsausschluss ist als Teil des Internetangebotes zu betrachten, von dem aus auf diese Seite verwiesen wurde. Sofern Teile oder einzelne Formulierungen dieses Textes der geltenden Rechtslage nicht, nicht mehr oder nicht vollst\u00e4ndig entsprechen sollten, bleiben die \u00fcbrigen Teile des Dokumentes in ihrem Inhalt und ihrer G\u00fcltigkeit davon unber\u00fchrt.<\/p>","protected":false},"excerpt":{"rendered":"<p>Offenlegung gem. \u00a7 25 MedG Medieninhaber und Herausgeber: Stefan K\u00fchne Nu\u00dfdorfer Stra\u00dfe 52\/6-7 A-1090 Wien redaktion@e-beratungsjournal.net Mag. Gerhard Hintenberger Ringstra\u00dfe 48 A-3500 Krems redaktion@e-beratungsjournal.net Bildquellen: \u00a9Header und Logo:\u00a0Johannes Berner Grundlegende Richtung: e-beratungsjournal.net ist ein unabh\u00e4ngiges<\/p>\n","protected":false},"author":1,"featured_media":0,"parent":0,"menu_order":0,"comment_status":"closed","ping_status":"closed","template":"","meta":{"footnotes":""},"class_list":["post-69","page","type-page","status-publish","hentry"],"_links":{"self":[{"href":"https:\/\/www.e-beratungsjournal.net\/index.php?rest_route=\/wp\/v2\/pages\/69","targetHints":{"allow":["GET"]}}],"collection":[{"href":"https:\/\/www.e-beratungsjournal.net\/index.php?rest_route=\/wp\/v2\/pages"}],"about":[{"href":"https:\/\/www.e-beratungsjournal.net\/index.php?rest_route=\/wp\/v2\/types\/page"}],"author":[{"embeddable":true,"href":"https:\/\/www.e-beratungsjournal.net\/index.php?rest_route=\/wp\/v2\/users\/1"}],"replies":[{"embeddable":true,"href":"https:\/\/www.e-beratungsjournal.net\/index.php?rest_route=%2Fwp%2Fv2%2Fcomments&post=69"}],"version-history":[{"count":6,"href":"https:\/\/www.e-beratungsjournal.net\/index.php?rest_route=\/wp\/v2\/pages\/69\/revisions"}],"predecessor-version":[{"id":1275,"href":"https:\/\/www.e-beratungsjournal.net\/index.php?rest_route=\/wp\/v2\/pages\/69\/revisions\/1275"}],"wp:attachment":[{"href":"https:\/\/www.e-beratungsjournal.net\/index.php?rest_route=%2Fwp%2Fv2%2Fmedia&parent=69"}],"curies":[{"name":"wp","href":"https:\/\/api.w.org\/{rel}","templated":true}]}}