{"id":72,"date":"2014-11-09T12:51:11","date_gmt":"2014-11-09T10:51:11","guid":{"rendered":"http:\/\/www.e-beratungsjournal.net\/wordpress\/?page_id=72"},"modified":"2023-10-27T07:28:15","modified_gmt":"2023-10-27T05:28:15","slug":"ueber-uns","status":"publish","type":"page","link":"https:\/\/www.e-beratungsjournal.net\/?page_id=72","title":{"rendered":"Herausgeber und Redaktion"},"content":{"rendered":"<p><strong><span class=\"style_6\">Mag. Gerhard Hintenberger (Herausgeber), Krems (A)<\/span><\/strong><\/p>\n<p><a href=\"http:\/\/www.e-beratungsjournal.net\/wp-content\/uploads\/2021\/01\/gerhard_hintenberger_3-1.jpg\"><img loading=\"lazy\" decoding=\"async\" class=\"alignright wp-image-1268 size-thumbnail\" src=\"http:\/\/www.e-beratungsjournal.net\/wp-content\/uploads\/2021\/01\/gerhard_hintenberger_3-1-150x150.jpg\" alt=\"\" width=\"150\" height=\"150\" \/><\/a><\/p>\n<ul>\n<li>Psychotherapeut, Supervisor<\/li>\n<li>Lehrtherapeut f\u00fcr Integrative Therapie an der Donau Universit\u00e4t Krems<\/li>\n<li>Lehrauftr\u00e4ge an verschiedenen Universit\u00e4ten (Themenschwerpunkte:\u00a0Onlineberatung, digitale Medien, Kinder- und Jugendlichenpsychotherapie)<\/li>\n<li>Podcast: Landschaftsg\u00e4rtnerinnen der Neurosen: <a href=\"http:\/\/www.forschungsgreisslerei.at\/psychopodcast\/\" target=\"_blank\" rel=\"noopener\">http:\/\/www.forschungsgreisslerei.at\/psychopodcast\/<\/a><\/li>\n<li><a href=\"http:\/\/www.praxis-hintenberger.at\" target=\"_blank\" rel=\"noopener noreferrer\">www.praxis-hintenberger.at<\/a><\/li>\n<\/ul>\n<div class=\"tinyText style_SkipStroke_5 inline-block stroke_0\">\n<p><strong><span class=\"style_6\"><br \/>\nStefan K\u00fchne, MSc (Herausgeber), Wien (A)<\/span><\/strong><\/p>\n<div class=\"tinyText style_SkipStroke_5 inline-block stroke_0\">\n<p><a href=\"http:\/\/www.e-beratungsjournal.net\/wp-content\/uploads\/2021\/01\/Stefan-Kuehne-2021.jpeg\"><img loading=\"lazy\" decoding=\"async\" class=\"alignright wp-image-1266 size-thumbnail\" src=\"http:\/\/www.e-beratungsjournal.net\/wp-content\/uploads\/2021\/01\/Stefan-Kuehne-2021-150x150.jpeg\" alt=\"\" width=\"150\" height=\"150\" \/><\/a><\/p>\n<div><\/div>\n<\/div>\n<ul>\n<li>\n<div class=\"\">Diplomierter Erwachsenenbildner\u00a0(wba)<\/div>\n<\/li>\n<li>\n<div class=\"\">Wissenschaftlicher Mitarbeiter an der Karl Landsteiner Privatuniversit\u00e4t<\/div>\n<\/li>\n<li>\n<div class=\"\">Lehrauftr\u00e4ge f\u00fcr Onlineberatung und Digitale Soziale Arbeit an verschiedenen Hochschulen<\/div>\n<\/li>\n<li>\n<div class=\"\">Stefan K\u00fchne besch\u00e4ftigt sich mit Fotografie und sammelt antiquarische Ehe- und Sexualratgeber<\/div>\n<\/li>\n<li><a class=\"class10\" title=\"http:\/\/www.stefankuehne.net\/\" href=\"http:\/\/www.stefankuehne.net\/\" target=\"_blank\" rel=\"noopener noreferrer\"><span class=\"style_9\">www.stefankuehne.net<\/span><\/a><\/li>\n<\/ul>\n<p><strong><span class=\"style_6\"><br \/>\nMag. Mag. Dr. Markus B\u00f6ckle, MSc \u00a0(Redaktion), Wien (A)<\/span><\/strong><\/p>\n<div class=\"tinyText style_SkipStroke_5 inline-block stroke_0\">\n<div><a href=\"http:\/\/www.e-beratungsjournal.net\/wp-content\/uploads\/2021\/01\/Markus-Boeckle-Portrait.jpg\"><img loading=\"lazy\" decoding=\"async\" class=\"alignright wp-image-1281 size-thumbnail\" src=\"http:\/\/www.e-beratungsjournal.net\/wp-content\/uploads\/2021\/01\/Markus-Boeckle-Portrait-150x150.jpg\" alt=\"\" width=\"150\" height=\"150\" \/><\/a><\/div>\n<\/div>\n<ul>\n<li>Studium der Biologie (Innsbruck und Wien) sowie Philosophie (Liechtenstein und Wien).<\/li>\n<li>Senior PostDoc\u00a0an der Karl Landsteiner Privatuniversit\u00e4t (\u00d6sterreich)<\/li>\n<li>Psychotherapeut (Integrative Therapie) in freier Praxis.<\/li>\n<li>Wissenschaftlicher Mitarbeiter und Lehrt\u00e4tigkeit an der Universit\u00e4t Wien, Universit\u00e4t Cambridge (UK), Donau-Universit\u00e4t Krems, Karl-Landsteiner Privatuniversit\u00e4t, Bertha von Suttner Privatuniversit\u00e4t und \u00d6AGG<\/li>\n<li>Forschungsschwerpunkte:\n<ul>\n<li>Psychotherapieforschung mit dem Fokus der Erforschung von metakognitiven F\u00e4higkeiten wie Empathie, Theory of Mind, Intentionen und Selbstwirksamkeitsvorstellungen<\/li>\n<li>Einfluss und die Wirksamkeit von digitalen Medien in der Therapie.<\/li>\n<\/ul>\n<\/li>\n<li><a href=\"http:\/\/www.praxis-boeckle.at\/\" target=\"_blank\" rel=\"noopener noreferrer\">http:\/\/www.praxis-boeckle.at\/<\/a><\/li>\n<\/ul>\n<p><strong><span class=\"style_6\"><br \/>\nDr.rer. medic. Jennifer Apolin\u00e1rio-Hagen (Redaktion), D\u00fcsseldorf (D)<\/span><\/strong><\/p>\n<div class=\"tinyText style_SkipStroke_5 inline-block stroke_0\">\n<div><a href=\"http:\/\/www.e-beratungsjournal.net\/wp-content\/uploads\/2021\/01\/Jennifer-Apolinario-Hagen-scaled.jpg\"><img loading=\"lazy\" decoding=\"async\" class=\"alignright wp-image-1288 size-thumbnail\" src=\"http:\/\/www.e-beratungsjournal.net\/wp-content\/uploads\/2021\/01\/Jennifer-Apolinario-Hagen-150x150.jpg\" alt=\"\" width=\"150\" height=\"150\" \/><\/a><\/div>\n<\/div>\n<ul>\n<li>Dipl.-Psych., zertifizierte Gesundheitsberaterin (FAG, Uni Bielefeld)<\/li>\n<li>Wissenschaftliche Mitarbeiterin am Institut f\u00fcr Arbeits-, Sozial- und Umweltmedizin der\u00a0Heinrich Heine Universit\u00e4t D\u00fcsseldorf<\/li>\n<li><a href=\"http:\/\/www.uniklinik-duesseldorf.de\/arbeits-und-sozialmedizin\" target=\"_blank\" rel=\"noopener noreferrer\">http:\/\/www.uniklinik-duesseldorf.de\/arbeits-und-sozialmedizin<\/a><\/li>\n<\/ul>\n<p>&nbsp;<\/p>\n<p><strong><span class=\"style_6\"><br \/>\nProf. Emily M. Engelhardt, M.A. (Redaktion), M\u00fcnchen (D)<\/span><\/strong><\/p>\n<div class=\"paragraph paragraph_style_9\">\n<div class=\"tinyText style_SkipStroke_5 inline-block stroke_0\">\n<div><a href=\"http:\/\/www.e-beratungsjournal.net\/wp-content\/uploads\/2021\/01\/engelhardt-scaled.jpeg\"><img loading=\"lazy\" decoding=\"async\" class=\"alignright wp-image-1286 size-thumbnail\" src=\"http:\/\/www.e-beratungsjournal.net\/wp-content\/uploads\/2021\/01\/engelhardt-150x150.jpeg\" alt=\"\" width=\"150\" height=\"150\" \/><\/a><\/div>\n<ul>\n<li>Professur f\u00fcr Digitale Transformation in Sozialen Handlungsfeldern und Gesellschaft an der Hochschule M\u00fcnchen<\/li>\n<li><span class=\"style_8\">Studium der P\u00e4dagogik, Psychologie und Soziologie<\/span><\/li>\n<li><span class=\"style_10\">Systemische Supervisorin und <\/span><span class=\"style_8\">Beraterin (SG)\u00a0<\/span><\/li>\n<li data-canvas-width=\"253.28\">Onlineberaterin &amp; Online-Supervisiorin<\/li>\n<li><span class=\"style_8\">Arbeitsschwerpunkt: Digitale Soziale Arbeit, Digitale Transformation und Beratung, Qualit\u00e4tskriterien und Ausbildungsstandard f\u00fcr Onlineberatung, Blended Counseling und Peer-Counseling in der Onlineberatung<\/span><span class=\"style_4\"><br \/>\n<\/span><\/li>\n<li><a href=\"https:\/\/www.sw.hm.edu\" target=\"_blank\" rel=\"noopener noreferrer\">https:\/\/www.sw.hm.edu<\/a><\/li>\n<li><a href=\"https:\/\/www.der-dreh.net\/\" target=\"_blank\" rel=\"noopener\">https:\/\/www.der-dreh.net<\/a><\/li>\n<\/ul>\n<p><strong><span class=\"style_6\"><br \/>\nDr. Anne Martin (Redaktion), N\u00fcrnberg (D)<\/span><\/strong><\/p>\n<div class=\"paragraph paragraph_style_9\">\n<div class=\"tinyText style_SkipStroke_5 inline-block stroke_0\">\n<div><a href=\"http:\/\/www.e-beratungsjournal.net\/wp-content\/uploads\/2023\/10\/Portrait_AMartin.jpg\"><img loading=\"lazy\" decoding=\"async\" class=\"alignright wp-image-1562 size-thumbnail\" src=\"http:\/\/www.e-beratungsjournal.net\/wp-content\/uploads\/2023\/10\/Portrait_AMartin-150x150.jpg\" alt=\"\" width=\"150\" height=\"150\" \/><\/a><\/div>\n<ul>\n<li>Ausbildung zur exam. Krankenschwester<\/li>\n<li>Studium der Erziehungswissenschaften, Psychologie und Philosophie (Magister, 2007) an der Universit\u00e4t Leipzig<\/li>\n<li>In der Vergangenheit: Berufsschullehrerin (Krankenpflege\/Sozialwesen), Koordination der Graduiertenschule IMPRS Neurocom an einem Max-Planck-Institut in Leipzig, Wissenschaftliche Online-Tutorin an der FernUniversit\u00e4t in Hagen sowie WHK am Institut f\u00fcr Angewandte Informatik e.V. in Leipzig<\/li>\n<li>Gutachterin beim <em>HFDcert <\/em>und <em>die hochschullehre<\/em><\/li>\n<li>Seit 2012 Onlineberaterin, seit 2015 Mentorin und seit 2022 Lehrbeauftragte in der wiss. Weiterbildung am Institut f\u00fcr E-Beratung an der TH N\u00fcrnberg<\/li>\n<li>Seit 2019 Wissenschaftliche Mitarbeiterin in einem BMBF-gef\u00f6rderten Projekt zur digitalen Hochschulbildung<\/li>\n<li>2023 Promotion in Erziehungswissenschaft<\/li>\n<li><a href=\"https:\/\/www.e-beratungsinstitut.de\" target=\"_blank\" rel=\"noopener noreferrer\">https:\/\/www.e-beratungsinstitut.de<\/a><\/li>\n<\/ul>\n<\/div>\n<\/div>\n<p><strong><span class=\"style_6\"><br \/>\nPetra Risau (Redaktion), Berlin (D)<\/span><\/strong><\/p>\n<\/div>\n<\/div>\n<div class=\"paragraph paragraph_style_13\">\n<div class=\"tinyText style_SkipStroke_5 inline-block stroke_0\">\n<p><a href=\"http:\/\/www.e-beratungsjournal.net\/wp-content\/uploads\/2021\/01\/Petra_Risau.jpg\"><img loading=\"lazy\" decoding=\"async\" class=\"alignright wp-image-1277 size-thumbnail\" src=\"http:\/\/www.e-beratungsjournal.net\/wp-content\/uploads\/2021\/01\/Petra_Risau-150x150.jpg\" alt=\"\" width=\"150\" height=\"150\" srcset=\"https:\/\/www.e-beratungsjournal.net\/wp-content\/uploads\/2021\/01\/Petra_Risau-150x150.jpg 150w, https:\/\/www.e-beratungsjournal.net\/wp-content\/uploads\/2021\/01\/Petra_Risau-300x300.jpg 300w, https:\/\/www.e-beratungsjournal.net\/wp-content\/uploads\/2021\/01\/Petra_Risau-768x768.jpg 768w, https:\/\/www.e-beratungsjournal.net\/wp-content\/uploads\/2021\/01\/Petra_Risau.jpg 800w\" sizes=\"auto, (max-width: 150px) 100vw, 150px\" \/><\/a><\/p>\n<ul>\n<li class=\"\">Diplom-P\u00e4dagogin und systemische Beraterin<\/li>\n<li class=\"\">Mitarbeiterin beim Forschungsprojekt Kinderschutzportal e.V., Schwerpunkt: Pr\u00e4vention sexualisierter Gewalt<\/li>\n<li class=\"\">Fachreferentin und Dozentin f\u00fcr psychosoziale Online-Beratung<\/li>\n<li class=\"\">Arbeitsschwerpunkte u.a.: Qualifizierung von Online-Berater*innen, Entwicklung und Konzeptionierung virtueller Beratungsangebote f\u00fcr den psycho-sozialen, gesundheitlichen und Bildungsbereich<\/li>\n<li class=\"\"><a href=\"https:\/\/www.petra-risau.de\" target=\"_blank\" rel=\"noopener noreferrer\">https:\/\/www.petra-risau.de<\/a><\/li>\n<\/ul>\n<p><strong><br \/>\nProf. Dr. Marc Weinhardt (Redaktion), Trier (D)<\/strong><\/p>\n<\/div>\n<\/div>\n<div class=\"paragraph paragraph_style_12\">\n<div class=\"tinyText style_SkipStroke_5 inline-block stroke_0\">\n<div><a href=\"http:\/\/www.e-beratungsjournal.net\/wp-content\/uploads\/2021\/01\/Marc_Weinhardt.jpg\"><img loading=\"lazy\" decoding=\"async\" class=\"alignright wp-image-1326 size-thumbnail\" src=\"http:\/\/www.e-beratungsjournal.net\/wp-content\/uploads\/2021\/01\/Marc_Weinhardt-150x150.jpg\" alt=\"\" width=\"150\" height=\"150\" \/><\/a><\/div>\n<\/div>\n<ul>\n<li>Professur f\u00fcr Sozialp\u00e4dagogik I an der Universit\u00e4t Trier<\/li>\n<li class=\"paragraph_style_10\"><span class=\"style_18\">Arbeitsschwerpunkte: Psychosoziale Beratung (unter besonderer Ber\u00fccksichtigung systemischer Konzepte), Professionalisierung von Fachkr\u00e4ften in der Sozialen Arbeit, Supervision und Organisations-entwicklung, Neue Medien in der Sozialen Arbeit, Peerberatungsans\u00e4tze und Ehrenamtliches Engagement\/Freiwilligenarbeit<\/span><\/li>\n<li><a href=\"https:\/\/marcweinhardt.de\" target=\"_blank\" rel=\"noopener\">https:\/\/marcweinhardt.de<\/a><\/li>\n<li class=\"paragraph_style_10\"><a href=\"https:\/\/www.uni-trier.de\/index.php?id=5372\" target=\"_blank\" rel=\"noopener noreferrer\">Universit\u00e4t Trier<\/a><\/li>\n<\/ul>\n<\/div>\n<\/div>","protected":false},"excerpt":{"rendered":"<p>Mag. Gerhard Hintenberger (Herausgeber), Krems (A) Psychotherapeut, Supervisor Lehrtherapeut f\u00fcr Integrative Therapie an der Donau Universit\u00e4t Krems Lehrauftr\u00e4ge an verschiedenen Universit\u00e4ten (Themenschwerpunkte:\u00a0Onlineberatung, digitale Medien, Kinder- und Jugendlichenpsychotherapie) Podcast: Landschaftsg\u00e4rtnerinnen der Neurosen: http:\/\/www.forschungsgreisslerei.at\/psychopodcast\/ www.praxis-hintenberger.at Stefan K\u00fchne,<\/p>\n","protected":false},"author":1,"featured_media":0,"parent":0,"menu_order":0,"comment_status":"closed","ping_status":"closed","template":"","meta":{"footnotes":""},"class_list":["post-72","page","type-page","status-publish","hentry"],"_links":{"self":[{"href":"https:\/\/www.e-beratungsjournal.net\/index.php?rest_route=\/wp\/v2\/pages\/72","targetHints":{"allow":["GET"]}}],"collection":[{"href":"https:\/\/www.e-beratungsjournal.net\/index.php?rest_route=\/wp\/v2\/pages"}],"about":[{"href":"https:\/\/www.e-beratungsjournal.net\/index.php?rest_route=\/wp\/v2\/types\/page"}],"author":[{"embeddable":true,"href":"https:\/\/www.e-beratungsjournal.net\/index.php?rest_route=\/wp\/v2\/users\/1"}],"replies":[{"embeddable":true,"href":"https:\/\/www.e-beratungsjournal.net\/index.php?rest_route=%2Fwp%2Fv2%2Fcomments&post=72"}],"version-history":[{"count":86,"href":"https:\/\/www.e-beratungsjournal.net\/index.php?rest_route=\/wp\/v2\/pages\/72\/revisions"}],"predecessor-version":[{"id":1564,"href":"https:\/\/www.e-beratungsjournal.net\/index.php?rest_route=\/wp\/v2\/pages\/72\/revisions\/1564"}],"wp:attachment":[{"href":"https:\/\/www.e-beratungsjournal.net\/index.php?rest_route=%2Fwp%2Fv2%2Fmedia&parent=72"}],"curies":[{"name":"wp","href":"https:\/\/api.w.org\/{rel}","templated":true}]}}